 {"id":14858,"date":"2022-11-19T12:08:06","date_gmt":"2022-11-19T12:08:06","guid":{"rendered":"https:\/\/www.greenbird-racing.com\/p\/t-shirt-alpine-a110-blanc-dessin-au-rallye-monte-carlo\/"},"modified":"2026-04-10T05:46:41","modified_gmt":"2026-04-10T05:46:41","slug":"t-shirt-alpine-a110-blanc-dessin-au-rallye-monte-carlo","status":"publish","type":"product","link":"https:\/\/www.greenbird-racing.com\/en\/p\/t-shirt-alpine-a110-blanc-dessin-au-rallye-monte-carlo\/","title":{"rendered":"T-shirt Alpine A110 blanc \u2013 Dessin au Rallye Monte Carlo"},"content":{"rendered":"<p>T-shirt blanc unisexe en 100% coton Bio. avec un dessin d&#8217;Alpine A110 devant et derri\u00e8re. T-shirt basique de grande qualit\u00e9 avec sa fibre douce en coton qui conviendra aux femmes comme aux hommes. Manches mont\u00e9es, col en c\u00f4te 1&#215;1, bande de propret\u00e9 int\u00e9rieur col dans la mati\u00e8re principale. T-shirt coupe tubulaire et normale. T-shirt en Jersey simple, 100% coton biologique fil\u00e9 et peign\u00e9. Taille : Du XS au 5XL (Il est recommand\u00e9 de choisir une taille en dessous pour les femmes). Grammage : 150 G\/M\u00b2<br \/>\nGuide des tailles:<\/p>\n<div class=\"tableau-taille\">\n<h3 class=\"legende2\">Tableau de tailles (cm)<\/h3>\n<table class=\"tableau\">\n<tbody>\n<tr>\n<th><\/th>\n<th scope=\"col\">XXS<\/th>\n<th scope=\"col\">XS<\/th>\n<th scope=\"col\">S<\/th>\n<th scope=\"col\">M<\/th>\n<th scope=\"col\">L<\/th>\n<th scope=\"col\">XL<\/th>\n<th scope=\"col\">XXL<\/th>\n<th scope=\"col\">3XL<\/th>\n<th scope=\"col\">4XL<\/th>\n<th scope=\"col\">5XL<\/th>\n<th scope=\"col\">Tol\u00e9rance +\/-<\/th>\n<\/tr>\n<tr>\n<th scope=\"row\"><b>A Largeur<\/b><\/th>\n<td>45<\/td>\n<td>47<\/td>\n<td>50<\/td>\n<td>53<\/td>\n<td>56<\/td>\n<td>59<\/td>\n<td>62<\/td>\n<td>65<\/td>\n<td>70<\/td>\n<td>75<\/td>\n<td>10 %<\/td>\n<\/tr>\n<tr>\n<th scope=\"row\"><b>B Hauteur<\/b><\/th>\n<td>64<\/td>\n<td>66<\/td>\n<td>69<\/td>\n<td>72<\/td>\n<td>74<\/td>\n<td>76<\/td>\n<td>78<\/td>\n<td>80<\/td>\n<td>82<\/td>\n<td>84<\/td>\n<td>10 %<\/td>\n<\/tr>\n<\/tbody>\n<\/table>\n<\/div>\n<div class=\"tableau-taille\">\n<h3 class=\"legende2\">Size Guide (inches)<\/h3>\n<table class=\"tableau\">\n<tbody>\n<tr>\n<th><\/th>\n<th scope=\"col\">XXS<\/th>\n<th scope=\"col\">XS<\/th>\n<th scope=\"col\">S<\/th>\n<th scope=\"col\">M<\/th>\n<th scope=\"col\">L<\/th>\n<th scope=\"col\">XL<\/th>\n<th scope=\"col\">XXL<\/th>\n<th scope=\"col\">3XL<\/th>\n<th scope=\"col\">4XL<\/th>\n<th scope=\"col\">5XL<\/th>\n<th scope=\"col\">Tol\u00e9rance +\/-<\/th>\n<\/tr>\n<tr>\n<th scope=\"row\"><b>Width (inches)<\/b><\/th>\n<td>17<\/td>\n<td>18<\/td>\n<td>19<\/td>\n<td>20<\/td>\n<td>22<\/td>\n<td>23<\/td>\n<td>24<\/td>\n<td>25<\/td>\n<td>27<\/td>\n<td>29<\/td>\n<td>10 %<\/td>\n<\/tr>\n<tr>\n<th scope=\"row\"><b>Length (inches)<\/b><\/th>\n<td>25<\/td>\n<td>25<\/td>\n<td>27<\/td>\n<td>28<\/td>\n<td>29<\/td>\n<td>29<\/td>\n<td>30<\/td>\n<td>31<\/td>\n<td>32<\/td>\n<td>33<\/td>\n<td>10 %<\/td>\n<\/tr>\n<\/tbody>\n<\/table>\n<\/div>\n","protected":false},"excerpt":{"rendered":"<p>T-shirt blanc unisexe en 100% coton Bio. avec un dessin d&#8217;Alpine A110 devant et derri\u00e8re. T-shirt basique de grande qualit\u00e9 avec sa fibre douce en coton qui conviendra aux femmes comme aux hommes. Manches mont\u00e9es, col en c\u00f4te 1&#215;1, bande de propret\u00e9 int\u00e9rieur col dans la mati\u00e8re principale. T-shirt coupe tubulaire et normale. T-shirt en [&hellip;]<\/p>\n","protected":false},"featured_media":14854,"template":"","meta":{"_et_pb_use_builder":"","_et_pb_old_content":"","_et_gb_content_width":""},"product_brand":[],"product_cat":[45,183,123,38,185],"product_tag":[],"class_list":{"0":"post-14858","1":"product","2":"type-product","3":"status-publish","4":"has-post-thumbnail","6":"product_cat-a110","7":"product_cat-rallyes","8":"product_cat-t-shirt-stanley-stella","9":"product_cat-tshirts","10":"product_cat-vhc","12":"first","13":"instock","14":"taxable","15":"shipping-taxable","16":"purchasable","17":"product-type-variable"},"_links":{"self":[{"href":"https:\/\/www.greenbird-racing.com\/en\/wp-json\/wp\/v2\/product\/14858","targetHints":{"allow":["GET"]}}],"collection":[{"href":"https:\/\/www.greenbird-racing.com\/en\/wp-json\/wp\/v2\/product"}],"about":[{"href":"https:\/\/www.greenbird-racing.com\/en\/wp-json\/wp\/v2\/types\/product"}],"wp:featuredmedia":[{"embeddable":true,"href":"https:\/\/www.greenbird-racing.com\/en\/wp-json\/wp\/v2\/media\/14854"}],"wp:attachment":[{"href":"https:\/\/www.greenbird-racing.com\/en\/wp-json\/wp\/v2\/media?parent=14858"}],"wp:term":[{"taxonomy":"product_brand","embeddable":true,"href":"https:\/\/www.greenbird-racing.com\/en\/wp-json\/wp\/v2\/product_brand?post=14858"},{"taxonomy":"product_cat","embeddable":true,"href":"https:\/\/www.greenbird-racing.com\/en\/wp-json\/wp\/v2\/product_cat?post=14858"},{"taxonomy":"product_tag","embeddable":true,"href":"https:\/\/www.greenbird-racing.com\/en\/wp-json\/wp\/v2\/product_tag?post=14858"}],"curies":[{"name":"wp","href":"https:\/\/api.w.org\/{rel}","templated":true}]}}