 {"id":15704,"date":"2023-04-28T05:39:01","date_gmt":"2023-04-28T05:39:01","guid":{"rendered":"https:\/\/www.greenbird-racing.com\/p\/tee-shirt-alfa-romeo-gtv6-rouge-enfant\/"},"modified":"2026-04-09T05:51:43","modified_gmt":"2026-04-09T05:51:43","slug":"tee-shirt-alfa-romeo-gtv6-rouge-enfant","status":"publish","type":"product","link":"https:\/\/www.greenbird-racing.com\/en\/p\/tee-shirt-alfa-romeo-gtv6-rouge-enfant\/","title":{"rendered":"Tee Shirt Alfa Rom\u00e9o GTV6 rouge Enfant"},"content":{"rendered":"<p>T-shirt enfant personnalis\u00e9 en broderie et en impression. T-shirt pour enfant tr\u00e8s confortable avec sa composition en 100% coton.T-shirt col rond avec bande de propret\u00e9 . Composition : 100% Coton. Gris Chin\u00e9 97% Coton, 3% Polyester. Grammage. Blanc &#8211; 135 g\/m\u00b2, Couleurs &#8211; 145 g\/m\u00b2. Taille 3\/4 104cm 5\/6 116cm 7\/8 128cm 9\/11 140cm 12\/13 152cm 14\/15 164cm.<br \/>\nGuide des tailles:<\/p>\n<div class=\"tableau-taille\">\n<h3 class=\"legende2\">Tableau de tailles (cm)<\/h3>\n<table class=\"tableau\">\n<tbody>\n<tr>\n<th><\/th>\n<th scope=\"col\">3-4 ans<\/th>\n<th scope=\"col\">5-6 ans<\/th>\n<th scope=\"col\">7-8 ans<\/th>\n<th scope=\"col\">9-11 ans<\/th>\n<th scope=\"col\">12-13 ans<\/th>\n<th scope=\"col\">14-15 ans<\/th>\n<th scope=\"col\">Tol\u00e9rance (+\/-)<\/th>\n<th scope=\"col\">Tol\u00e9rance +\/-<\/th>\n<\/tr>\n<tr>\n<th scope=\"row\"><b>A Largeur<\/b><\/th>\n<td>38<\/td>\n<td>40.5<\/td>\n<td>43<\/td>\n<td>46<\/td>\n<td>48.5<\/td>\n<td>53.5<\/td>\n<td>2.5 %<\/td>\n<td>10 %<\/td>\n<\/tr>\n<tr>\n<th scope=\"row\"><b>B Hauteur<\/b><\/th>\n<td>45<\/td>\n<td>50<\/td>\n<td>55<\/td>\n<td>60<\/td>\n<td>65<\/td>\n<td>72<\/td>\n<td>2.5 %<\/td>\n<td>10 %<\/td>\n<\/tr>\n<\/tbody>\n<\/table>\n<\/div>\n<div class=\"tableau-taille\"><\/div>\n","protected":false},"excerpt":{"rendered":"<p>T-shirt enfant personnalis\u00e9 en broderie et en impression. T-shirt pour enfant tr\u00e8s confortable avec sa composition en 100% coton.T-shirt col rond avec bande de propret\u00e9 . Composition : 100% Coton. Gris Chin\u00e9 97% Coton, 3% Polyester. Grammage. Blanc &#8211; 135 g\/m\u00b2, Couleurs &#8211; 145 g\/m\u00b2. Taille 3\/4 104cm 5\/6 116cm 7\/8 128cm 9\/11 140cm 12\/13 [&hellip;]<\/p>\n","protected":false},"featured_media":15702,"template":"","meta":{"_et_pb_use_builder":"","_et_pb_old_content":"","_et_gb_content_width":""},"product_brand":[],"product_cat":[133,262,38,156],"product_tag":[],"class_list":{"0":"post-15704","1":"product","2":"type-product","3":"status-publish","4":"has-post-thumbnail","6":"product_cat-alfa-romeo","7":"product_cat-t-shirt-enfant","8":"product_cat-tshirts","9":"product_cat-yougtimers","11":"first","12":"instock","13":"taxable","14":"shipping-taxable","15":"purchasable","16":"product-type-variable"},"_links":{"self":[{"href":"https:\/\/www.greenbird-racing.com\/en\/wp-json\/wp\/v2\/product\/15704","targetHints":{"allow":["GET"]}}],"collection":[{"href":"https:\/\/www.greenbird-racing.com\/en\/wp-json\/wp\/v2\/product"}],"about":[{"href":"https:\/\/www.greenbird-racing.com\/en\/wp-json\/wp\/v2\/types\/product"}],"wp:featuredmedia":[{"embeddable":true,"href":"https:\/\/www.greenbird-racing.com\/en\/wp-json\/wp\/v2\/media\/15702"}],"wp:attachment":[{"href":"https:\/\/www.greenbird-racing.com\/en\/wp-json\/wp\/v2\/media?parent=15704"}],"wp:term":[{"taxonomy":"product_brand","embeddable":true,"href":"https:\/\/www.greenbird-racing.com\/en\/wp-json\/wp\/v2\/product_brand?post=15704"},{"taxonomy":"product_cat","embeddable":true,"href":"https:\/\/www.greenbird-racing.com\/en\/wp-json\/wp\/v2\/product_cat?post=15704"},{"taxonomy":"product_tag","embeddable":true,"href":"https:\/\/www.greenbird-racing.com\/en\/wp-json\/wp\/v2\/product_tag?post=15704"}],"curies":[{"name":"wp","href":"https:\/\/api.w.org\/{rel}","templated":true}]}}