 {"id":15762,"date":"2023-04-28T05:45:30","date_gmt":"2023-04-28T05:45:30","guid":{"rendered":"https:\/\/www.greenbird-racing.com\/p\/tee-shirt-porsche-911-964-993-996-997-turbo-enfant\/"},"modified":"2026-04-10T05:45:37","modified_gmt":"2026-04-10T05:45:37","slug":"tee-shirt-porsche-911-964-993-996-997-turbo-enfant","status":"publish","type":"product","link":"https:\/\/www.greenbird-racing.com\/en\/p\/tee-shirt-porsche-911-964-993-996-997-turbo-enfant\/","title":{"rendered":"Tee Shirt PORSCHE 911, 964, 993, 996 997 turbo Enfant"},"content":{"rendered":"<h2>T-shirt enfant personnalis\u00e9 avec un dessin de PORSCHE 911, 964, 993, 996 997 turbo en impression. <\/h2>\n<p>T-shirt pour enfant tr\u00e8s confortable avec sa composition en 100% coton.T-shirt col rond avec bande de propret\u00e9 . Composition : 100% Coton. Gris Chin\u00e9 97% Coton, 3% Polyester. Grammage. Blanc &#8211; 135 g\/m\u00b2, Couleurs &#8211; 145 g\/m\u00b2. Taille 3\/4 104cm 5\/6 116cm 7\/8 128cm 9\/11 140cm 12\/13 152cm 14\/15 164cm.<br \/>\n\t\t\t\t        \t\t\tGuide des tailles:<\/p>\n<div class=\"tableau-taille\">\n<h3 class=\"legende2\">Tableau de tailles (cm)<\/h3>\n<table class=\"tableau\">\n<tr>\n<th><\/th>\n<th scope=\"col\">3-4 ans<\/th>\n<th scope=\"col\">5-6 ans<\/th>\n<th scope=\"col\">7-8 ans<\/th>\n<th scope=\"col\">9-11 ans<\/th>\n<th scope=\"col\">12-13 ans<\/th>\n<th scope=\"col\">14-15 ans<\/th>\n<th scope=\"col\">Tol\u00e9rance (+\/-)<\/th>\n<th scope=\"col\">Tol\u00e9rance +\/-<\/th>\n<\/tr>\n<tr>\n<th scope=\"row\"><b>A Largeur<\/b><\/th>\n<td>38<\/td>\n<td>40.5<\/td>\n<td>43<\/td>\n<td>46<\/td>\n<td>48.5<\/td>\n<td>53.5<\/td>\n<td>2.5 %<\/td>\n<td>10 %<\/td>\n<\/tr>\n<tr>\n<th scope=\"row\"><b>B Hauteur<\/b><\/th>\n<td>45<\/td>\n<td>50<\/td>\n<td>55<\/td>\n<td>60<\/td>\n<td>65<\/td>\n<td>72<\/td>\n<td>2.5 %<\/td>\n<td>10 %<\/td>\n<\/tr>\n<\/table><\/div>\n<div class=\"tableau-taille\">\n<h3 class=\"legende2\">Size Guide (inches)<\/h3>\n<table class=\"tableau\">\n<tr>\n<th><\/th>\n<th scope=\"col\">3-4 ans<\/th>\n<th scope=\"col\">5-6 ans<\/th>\n<th scope=\"col\">7-8 ans<\/th>\n<th scope=\"col\">9-11 ans<\/th>\n<th scope=\"col\">12-13 ans<\/th>\n<th scope=\"col\">14-15 ans<\/th>\n<th scope=\"col\">Tol\u00e9rance (+\/-)<\/th>\n<th scope=\"col\">Tol\u00e9rance +\/-<\/th>\n<\/tr>\n<tr>\n<th scope=\"row\"><b>Width (inches)<\/b><\/th>\n<td>\n\t\t\t\t\t                        \t14\t\t\t                        \t\t\t<\/td>\n<td>\n\t\t\t\t\t                        \t15\t\t\t                        \t\t\t<\/td>\n<td>\n\t\t\t\t\t                        \t16\t\t\t                        \t\t\t<\/td>\n<td>\n\t\t\t\t\t                        \t18\t\t\t                        \t\t\t<\/td>\n<td>\n\t\t\t\t\t                        \t19\t\t\t                        \t\t\t<\/td>\n<td>\n\t\t\t\t\t                        \t21\t\t\t                        \t\t\t<\/td>\n<td>\n\t\t\t\t\t                        \t0\t\t\t                        \t\t\t<\/td>\n<td>\n\t\t\t\t\t                        \t10 %\t\t\t                        \t\t\t<\/td>\n<\/tr>\n<tr>\n<th scope=\"row\"><b>Length (inches)<\/b><\/th>\n<td>\n\t\t\t\t\t                        \t17\t\t\t                        \t\t\t<\/td>\n<td>\n\t\t\t\t\t                        \t19\t\t\t                        \t\t\t<\/td>\n<td>\n\t\t\t\t\t                        \t21\t\t\t                        \t\t\t<\/td>\n<td>\n\t\t\t\t\t                        \t23\t\t\t                        \t\t\t<\/td>\n<td>\n\t\t\t\t\t                        \t25\t\t\t                        \t\t\t<\/td>\n<td>\n\t\t\t\t\t                        \t28\t\t\t                        \t\t\t<\/td>\n<td>\n\t\t\t\t\t                        \t0\t\t\t                        \t\t\t<\/td>\n<td>\n\t\t\t\t\t                        \t10 %\t\t\t                        \t\t\t<\/td>\n<\/tr>\n<\/table><\/div>\n","protected":false},"excerpt":{"rendered":"<p>T-shirt enfant personnalis\u00e9 avec un dessin de PORSCHE 911, 964, 993, 996 997 turbo en impression. T-shirt pour enfant tr\u00e8s confortable avec sa composition en 100% coton.T-shirt col rond avec bande de propret\u00e9 . Composition : 100% Coton. Gris Chin\u00e9 97% Coton, 3% Polyester. Grammage. Blanc &#8211; 135 g\/m\u00b2, Couleurs &#8211; 145 g\/m\u00b2. Taille 3\/4 [&hellip;]<\/p>\n","protected":false},"featured_media":15760,"template":"","meta":{"_et_pb_use_builder":"","_et_pb_old_content":"","_et_gb_content_width":""},"product_brand":[],"product_cat":[49,262],"product_tag":[],"class_list":{"0":"post-15762","1":"product","2":"type-product","3":"status-publish","4":"has-post-thumbnail","6":"product_cat-porsche-911","7":"product_cat-t-shirt-enfant","9":"first","10":"instock","11":"taxable","12":"shipping-taxable","13":"purchasable","14":"product-type-variable"},"_links":{"self":[{"href":"https:\/\/www.greenbird-racing.com\/en\/wp-json\/wp\/v2\/product\/15762","targetHints":{"allow":["GET"]}}],"collection":[{"href":"https:\/\/www.greenbird-racing.com\/en\/wp-json\/wp\/v2\/product"}],"about":[{"href":"https:\/\/www.greenbird-racing.com\/en\/wp-json\/wp\/v2\/types\/product"}],"wp:featuredmedia":[{"embeddable":true,"href":"https:\/\/www.greenbird-racing.com\/en\/wp-json\/wp\/v2\/media\/15760"}],"wp:attachment":[{"href":"https:\/\/www.greenbird-racing.com\/en\/wp-json\/wp\/v2\/media?parent=15762"}],"wp:term":[{"taxonomy":"product_brand","embeddable":true,"href":"https:\/\/www.greenbird-racing.com\/en\/wp-json\/wp\/v2\/product_brand?post=15762"},{"taxonomy":"product_cat","embeddable":true,"href":"https:\/\/www.greenbird-racing.com\/en\/wp-json\/wp\/v2\/product_cat?post=15762"},{"taxonomy":"product_tag","embeddable":true,"href":"https:\/\/www.greenbird-racing.com\/en\/wp-json\/wp\/v2\/product_tag?post=15762"}],"curies":[{"name":"wp","href":"https:\/\/api.w.org\/{rel}","templated":true}]}}