 {"id":15892,"date":"2023-05-11T17:32:00","date_gmt":"2023-05-11T17:32:00","guid":{"rendered":"https:\/\/www.greenbird-racing.com\/p\/polo-voiture-des-24h-du-mans-stylisee\/"},"modified":"2026-04-11T05:49:26","modified_gmt":"2026-04-11T05:49:26","slug":"polo-voiture-des-24h-du-mans-stylisee","status":"publish","type":"product","link":"https:\/\/www.greenbird-racing.com\/en\/p\/polo-voiture-des-24h-du-mans-stylisee\/","title":{"rendered":"Polo voiture des 24h du Mans stylis\u00e9e"},"content":{"rendered":"<p>Polo Homme avec un dessin artistique de voiture des 24h du Mans.<br \/>\nLa coupe est classique. Le polo 100% coton peign\u00e9 classique, taille disponible jusqu&#8217;au 3XL. Une meilleure tenue est assur\u00e9e gr\u00e2ce au coton qui est pr\u00e9-r\u00e9tr\u00e9ci et aux coutures renforc\u00e9es aux \u00e9paules.<br \/>\nGuide des tailles:<\/p>\n<div class=\"tableau-taille\">\n<h3 class=\"legende2\">Tableau de taille (cm)<\/h3>\n<table class=\"tableau\">\n<tbody>\n<tr>\n<th><\/th>\n<th scope=\"col\">S<\/th>\n<th scope=\"col\">M<\/th>\n<th scope=\"col\">L<\/th>\n<th scope=\"col\">XL<\/th>\n<th scope=\"col\">XXL<\/th>\n<th scope=\"col\">3XL<\/th>\n<th scope=\"col\">Tol\u00e9rance +\/-<\/th>\n<\/tr>\n<tr>\n<th scope=\"row\"><b>A Hauteur<\/b><\/th>\n<td>70.5<\/td>\n<td>73<\/td>\n<td>75.5<\/td>\n<td>78<\/td>\n<td>80.5<\/td>\n<td>83<\/td>\n<td>10 %<\/td>\n<\/tr>\n<tr>\n<th scope=\"row\"><b>B Largeur<\/b><\/th>\n<td>50<\/td>\n<td>53.5<\/td>\n<td>57<\/td>\n<td>60.5<\/td>\n<td>64<\/td>\n<td>67.5<\/td>\n<td>10 %<\/td>\n<\/tr>\n<\/tbody>\n<\/table>\n<\/div>\n<div class=\"tableau-taille\">\n<h3 class=\"legende2\">Size Guide (inches)<\/h3>\n<table class=\"tableau\">\n<tbody>\n<tr>\n<th><\/th>\n<th scope=\"col\">S<\/th>\n<th scope=\"col\">M<\/th>\n<th scope=\"col\">L<\/th>\n<th scope=\"col\">XL<\/th>\n<th scope=\"col\">XXL<\/th>\n<th scope=\"col\">3XL<\/th>\n<th scope=\"col\">Tol\u00e9rance +\/-<\/th>\n<\/tr>\n<tr>\n<th scope=\"row\"><b>Width (inches)<\/b><\/th>\n<td>27<\/td>\n<td>28<\/td>\n<td>29<\/td>\n<td>30<\/td>\n<td>31<\/td>\n<td>32<\/td>\n<td>10 %<\/td>\n<\/tr>\n<tr>\n<th scope=\"row\"><b>Length (inches)<\/b><\/th>\n<td>19<\/td>\n<td>21<\/td>\n<td>22<\/td>\n<td>23<\/td>\n<td>25<\/td>\n<td>26<\/td>\n<td>10 %<\/td>\n<\/tr>\n<\/tbody>\n<\/table>\n<\/div>\n","protected":false},"excerpt":{"rendered":"<p>Polo Homme avec un dessin artistique de voiture des 24h du Mans. La coupe est classique. Le polo 100% coton peign\u00e9 classique, taille disponible jusqu&#8217;au 3XL. Une meilleure tenue est assur\u00e9e gr\u00e2ce au coton qui est pr\u00e9-r\u00e9tr\u00e9ci et aux coutures renforc\u00e9es aux \u00e9paules. Guide des tailles: Tableau de taille (cm) S M L XL XXL [&hellip;]<\/p>\n","protected":false},"featured_media":15890,"template":"","meta":{"_et_pb_use_builder":"","_et_pb_old_content":"","_et_gb_content_width":""},"product_brand":[],"product_cat":[266,162],"product_tag":[],"class_list":{"0":"post-15892","1":"product","2":"type-product","3":"status-publish","4":"has-post-thumbnail","6":"product_cat-24h-du-mans-courses-dendurance","7":"product_cat-polos","9":"first","10":"outofstock","11":"taxable","12":"shipping-taxable","13":"purchasable","14":"product-type-variable","15":"has-default-attributes"},"_links":{"self":[{"href":"https:\/\/www.greenbird-racing.com\/en\/wp-json\/wp\/v2\/product\/15892","targetHints":{"allow":["GET"]}}],"collection":[{"href":"https:\/\/www.greenbird-racing.com\/en\/wp-json\/wp\/v2\/product"}],"about":[{"href":"https:\/\/www.greenbird-racing.com\/en\/wp-json\/wp\/v2\/types\/product"}],"wp:featuredmedia":[{"embeddable":true,"href":"https:\/\/www.greenbird-racing.com\/en\/wp-json\/wp\/v2\/media\/15890"}],"wp:attachment":[{"href":"https:\/\/www.greenbird-racing.com\/en\/wp-json\/wp\/v2\/media?parent=15892"}],"wp:term":[{"taxonomy":"product_brand","embeddable":true,"href":"https:\/\/www.greenbird-racing.com\/en\/wp-json\/wp\/v2\/product_brand?post=15892"},{"taxonomy":"product_cat","embeddable":true,"href":"https:\/\/www.greenbird-racing.com\/en\/wp-json\/wp\/v2\/product_cat?post=15892"},{"taxonomy":"product_tag","embeddable":true,"href":"https:\/\/www.greenbird-racing.com\/en\/wp-json\/wp\/v2\/product_tag?post=15892"}],"curies":[{"name":"wp","href":"https:\/\/api.w.org\/{rel}","templated":true}]}}