 {"id":15986,"date":"2023-05-12T10:20:36","date_gmt":"2023-05-12T10:20:36","guid":{"rendered":"https:\/\/www.greenbird-racing.com\/p\/polo-avec-un-dessin-inspire-des-lmp2-des-24h-du-mans-180g\/"},"modified":"2026-04-11T05:49:09","modified_gmt":"2026-04-11T05:49:09","slug":"polo-avec-un-dessin-inspire-des-lmp2-des-24h-du-mans-180g","status":"publish","type":"product","link":"https:\/\/www.greenbird-racing.com\/en\/p\/polo-avec-un-dessin-inspire-des-lmp2-des-24h-du-mans-180g\/","title":{"rendered":"Polo avec un dessin inspir\u00e9 des LMP2 des 24h du Mans 180g"},"content":{"rendered":"<p>D\u00e9couvrez le Polo Homme avec un dessin inspir\u00e9 des LMP2 des 24h du Mans, un v\u00eatement unique d\u00e9di\u00e9 aux passionn\u00e9s de l&#8217;endurance automobile. Ce polo pr\u00e9sente un dessin stylis\u00e9 et color\u00e9 d&#8217;une voiture prototype LMP2, l&#8217;un des v\u00e9hicules les plus embl\u00e9matiques des 24 Heures du Mans, une course l\u00e9gendaire reconnue pour sa difficult\u00e9 et son intensit\u00e9.<\/p>\n<p>La voiture est repr\u00e9sent\u00e9e en blanc avec des touches de rouge sur la face avant, les c\u00f4t\u00e9s et la moiti\u00e9 de l&#8217;aileron arri\u00e8re, \u00e9voquant le dynamisme et la vitesse inh\u00e9rents \u00e0 cette comp\u00e9tition. Les phares LED, prot\u00e9g\u00e9s par une bulle en macrolon, et la prise d&#8217;air moteur centrale qui remonte au-dessus de l&#8217;habitacle, sont des \u00e9l\u00e9ments cl\u00e9s du design de cette voiture ferm\u00e9e. De nombreuses prises d&#8217;air, destin\u00e9es \u00e0 l&#8217;a\u00e9rodynamique et au refroidissement de la m\u00e9canique, ajoutent une touche de r\u00e9alisme au dessin.<\/p>\n<p>Le style cartoon du dessin apporte une note ludique et d\u00e9cal\u00e9e, mettant en valeur la voiture dans un effet de vitesse impressionnant, accentu\u00e9 par l&#8217;ombre de la voiture. Cette repr\u00e9sentation artistique et originale de la LMP2 capture l&#8217;esprit de la course des 24 Heures du Mans, une \u00e9preuve d&#8217;endurance qui pousse les voitures et les pilotes \u00e0 leurs limites.<\/p>\n<p>Le Polo &#8220;24h du Mans LMP2&#8221; est con\u00e7u pour les hommes, avec une coupe classique qui convient \u00e0 toutes les morphologies. Fabriqu\u00e9 \u00e0 partir de 100% coton peign\u00e9 pr\u00e9-r\u00e9tr\u00e9ci, ce polo de 180g offre une douceur et une durabilit\u00e9 exceptionnelles. Les coutures renforc\u00e9es aux \u00e9paules garantissent une tenue parfaite et une grande r\u00e9sistance.<\/p>\n<p>Disponible en tailles allant jusqu&#8217;au 3XL et en trois couleurs &#8211; gris clair, sable (beige) et bleu marine &#8211; ce polo offre une large gamme de choix pour s&#8217;adapter \u00e0 tous les go\u00fbts et styles. Qu&#8217;il soit port\u00e9 pour une sortie d\u00e9contract\u00e9e ou pour une occasion sp\u00e9ciale, ce polo est un v\u00e9ritable hommage \u00e0 l&#8217;histoire passionnante des 24 Heures du Mans et \u00e0 l&#8217;ing\u00e9nierie exceptionnelle des voitures LMP2.<br \/>\n\t\t\t\t        \t\t\tGuide des tailles:<\/p>\n<div class=\"tableau-taille\">\n<h3 class=\"legende2\">Tableau de taille (cm)<\/h3>\n<table class=\"tableau\">\n<tr>\n<th><\/th>\n<th scope=\"col\">S<\/th>\n<th scope=\"col\">M<\/th>\n<th scope=\"col\">L<\/th>\n<th scope=\"col\">XL<\/th>\n<th scope=\"col\">XXL<\/th>\n<th scope=\"col\">3XL<\/th>\n<th scope=\"col\">Tol\u00e9rance +\/-<\/th>\n<\/tr>\n<tr>\n<th scope=\"row\"><b>A Hauteur<\/b><\/th>\n<td>70.5<\/td>\n<td>73<\/td>\n<td>75.5<\/td>\n<td>78<\/td>\n<td>80.5<\/td>\n<td>83<\/td>\n<td>10 %<\/td>\n<\/tr>\n<tr>\n<th scope=\"row\"><b>B Largeur<\/b><\/th>\n<td>50<\/td>\n<td>53.5<\/td>\n<td>57<\/td>\n<td>60.5<\/td>\n<td>64<\/td>\n<td>67.5<\/td>\n<td>10 %<\/td>\n<\/tr>\n<\/table><\/div>\n<div class=\"tableau-taille\">\n<h3 class=\"legende2\">Size Guide (inches)<\/h3>\n<table class=\"tableau\">\n<tr>\n<th><\/th>\n<th scope=\"col\">S<\/th>\n<th scope=\"col\">M<\/th>\n<th scope=\"col\">L<\/th>\n<th scope=\"col\">XL<\/th>\n<th scope=\"col\">XXL<\/th>\n<th scope=\"col\">3XL<\/th>\n<th scope=\"col\">Tol\u00e9rance +\/-<\/th>\n<\/tr>\n<tr>\n<th scope=\"row\"><b>Width (inches)<\/b><\/th>\n<td>\n\t\t\t\t\t                        \t27\t\t\t                        \t\t\t<\/td>\n<td>\n\t\t\t\t\t                        \t28\t\t\t                        \t\t\t<\/td>\n<td>\n\t\t\t\t\t                        \t29\t\t\t                        \t\t\t<\/td>\n<td>\n\t\t\t\t\t                        \t30\t\t\t                        \t\t\t<\/td>\n<td>\n\t\t\t\t\t                        \t31\t\t\t                        \t\t\t<\/td>\n<td>\n\t\t\t\t\t                        \t32\t\t\t                        \t\t\t<\/td>\n<td>\n\t\t\t\t\t                        \t10 %\t\t\t                        \t\t\t<\/td>\n<\/tr>\n<tr>\n<th scope=\"row\"><b>Length (inches)<\/b><\/th>\n<td>\n\t\t\t\t\t                        \t19\t\t\t                        \t\t\t<\/td>\n<td>\n\t\t\t\t\t                        \t21\t\t\t                        \t\t\t<\/td>\n<td>\n\t\t\t\t\t                        \t22\t\t\t                        \t\t\t<\/td>\n<td>\n\t\t\t\t\t                        \t23\t\t\t                        \t\t\t<\/td>\n<td>\n\t\t\t\t\t                        \t25\t\t\t                        \t\t\t<\/td>\n<td>\n\t\t\t\t\t                        \t26\t\t\t                        \t\t\t<\/td>\n<td>\n\t\t\t\t\t                        \t10 %\t\t\t                        \t\t\t<\/td>\n<\/tr>\n<\/table><\/div>\n","protected":false},"excerpt":{"rendered":"<p>D\u00e9couvrez le Polo Homme avec un dessin inspir\u00e9 des LMP2 des 24h du Mans, un v\u00eatement unique d\u00e9di\u00e9 aux passionn\u00e9s de l&#8217;endurance automobile. Ce polo pr\u00e9sente un dessin stylis\u00e9 et color\u00e9 d&#8217;une voiture prototype LMP2, l&#8217;un des v\u00e9hicules les plus embl\u00e9matiques des 24 Heures du Mans, une course l\u00e9gendaire reconnue pour sa difficult\u00e9 et son [&hellip;]<\/p>\n","protected":false},"featured_media":15989,"template":"","meta":{"_et_pb_use_builder":"","_et_pb_old_content":"","_et_gb_content_width":""},"product_brand":[],"product_cat":[266,162],"product_tag":[],"class_list":{"0":"post-15986","1":"product","2":"type-product","3":"status-publish","4":"has-post-thumbnail","6":"product_cat-24h-du-mans-courses-dendurance","7":"product_cat-polos","9":"first","10":"outofstock","11":"taxable","12":"shipping-taxable","13":"purchasable","14":"product-type-variable"},"_links":{"self":[{"href":"https:\/\/www.greenbird-racing.com\/en\/wp-json\/wp\/v2\/product\/15986","targetHints":{"allow":["GET"]}}],"collection":[{"href":"https:\/\/www.greenbird-racing.com\/en\/wp-json\/wp\/v2\/product"}],"about":[{"href":"https:\/\/www.greenbird-racing.com\/en\/wp-json\/wp\/v2\/types\/product"}],"wp:featuredmedia":[{"embeddable":true,"href":"https:\/\/www.greenbird-racing.com\/en\/wp-json\/wp\/v2\/media\/15989"}],"wp:attachment":[{"href":"https:\/\/www.greenbird-racing.com\/en\/wp-json\/wp\/v2\/media?parent=15986"}],"wp:term":[{"taxonomy":"product_brand","embeddable":true,"href":"https:\/\/www.greenbird-racing.com\/en\/wp-json\/wp\/v2\/product_brand?post=15986"},{"taxonomy":"product_cat","embeddable":true,"href":"https:\/\/www.greenbird-racing.com\/en\/wp-json\/wp\/v2\/product_cat?post=15986"},{"taxonomy":"product_tag","embeddable":true,"href":"https:\/\/www.greenbird-racing.com\/en\/wp-json\/wp\/v2\/product_tag?post=15986"}],"curies":[{"name":"wp","href":"https:\/\/api.w.org\/{rel}","templated":true}]}}