 {"id":16009,"date":"2023-05-12T10:32:58","date_gmt":"2023-05-12T10:32:58","guid":{"rendered":"https:\/\/www.greenbird-racing.com\/p\/t-shirt-basique-unisexe-stanley-rocker-4\/"},"modified":"2026-04-11T05:49:04","modified_gmt":"2026-04-11T05:49:04","slug":"t-shirt-basique-unisexe-stanley-rocker-4","status":"publish","type":"product","link":"https:\/\/www.greenbird-racing.com\/en\/p\/t-shirt-basique-unisexe-stanley-rocker-4\/","title":{"rendered":"T-shirt inspir\u00e9 des 24h du Mans, voiture LMP2"},"content":{"rendered":"<h2>Pr\u00e9sentation du T-shirt &#8220;24h du Mans LMP2&#8221;<\/h2>\n<p>D\u00e9couvrez le T-shirt &#8220;24h du Mans LMP2&#8221;, une c\u00e9l\u00e9bration de l&#8217;ing\u00e9nierie automobile et de la passion pour la course. Ce T-shirt unisexe pr\u00e9sente un dessin captivant d&#8217;une voiture prototype LMP2, participant aux l\u00e9gendaires 24 Heures du Mans.<\/p>\n<h2>D\u00e9tails du dessin<\/h2>\n<p>La voiture de course LMP2 est repr\u00e9sent\u00e9e en blanc avec des touches de rouge sur la face avant, les c\u00f4t\u00e9s et la moiti\u00e9 de l&#8217;aileron arri\u00e8re. Les phares LED, prot\u00e9g\u00e9s par une bulle en macrolon, et la prise d&#8217;air moteur centrale ajoutent au r\u00e9alisme du dessin. Cette voiture ferm\u00e9e poss\u00e8de de nombreuses prises d&#8217;air, illustrant son design ax\u00e9 sur l&#8217;a\u00e9rodynamique et le refroidissement de la m\u00e9canique. Le dessin de style cartoon, avec son bel effet de vitesse et l&#8217;ombre de la voiture, capture l&#8217;excitation et la dynamique des 24 Heures du Mans.<\/p>\n<h2>Caract\u00e9ristiques du T-shirt<\/h2>\n<p>Ce T-shirt unisexe est fabriqu\u00e9 \u00e0 partir de 100% coton biologique, offrant une douceur exceptionnelle. Avec sa coupe tubulaire et normale, ce T-shirt convient aussi bien aux femmes qu&#8217;aux hommes. Les manches mont\u00e9es et le col en c\u00f4te 1&#215;1, avec une bande de propret\u00e9 \u00e0 l&#8217;int\u00e9rieur, ajoutent au confort et \u00e0 la qualit\u00e9 du T-shirt.<\/p>\n<p>Disponible dans une large gamme de tailles, du XS au 5XL, ce T-shirt offre une grande flexibilit\u00e9 de choix. Il est recommand\u00e9 de choisir une taille en dessous pour les femmes pour obtenir le meilleur ajustement possible. Couleurs propos\u00e9es : bleu marine, bleu ciel, blanc et gris moir\u00e9.<\/p>\n<h2>Un hommage \u00e0 la course automobile<\/h2>\n<p>En portant ce T-shirt &#8220;24h du Mans LMP2&#8221;, vous portez un hommage \u00e0 l&#8217;histoire passionnante des 24 Heures du Mans et \u00e0 l&#8217;ing\u00e9nierie exceptionnelle des voitures LMP2. C&#8217;est une expression de votre passion pour le sport automobile et une c\u00e9l\u00e9bration de l&#8217;esprit de comp\u00e9tition et de performance qui caract\u00e9rise cette course l\u00e9gendaire.<\/p>\n<p>\t\t\t\t        \t\t\tGuide des tailles:<\/p>\n<div class=\"tableau-taille\">\n<h3 class=\"legende2\">Tableau de tailles (cm)<\/h3>\n<table class=\"tableau\">\n<tr>\n<th><\/th>\n<th scope=\"col\">XXS<\/th>\n<th scope=\"col\">XS<\/th>\n<th scope=\"col\">S<\/th>\n<th scope=\"col\">M<\/th>\n<th scope=\"col\">L<\/th>\n<th scope=\"col\">XL<\/th>\n<th scope=\"col\">XXL<\/th>\n<th scope=\"col\">3XL<\/th>\n<th scope=\"col\">4XL<\/th>\n<th scope=\"col\">5XL<\/th>\n<th scope=\"col\">Tol\u00e9rance +\/-<\/th>\n<\/tr>\n<tr>\n<th scope=\"row\"><b>A Largeur<\/b><\/th>\n<td>45<\/td>\n<td>47<\/td>\n<td>50<\/td>\n<td>53<\/td>\n<td>56<\/td>\n<td>59<\/td>\n<td>62<\/td>\n<td>65<\/td>\n<td>70<\/td>\n<td>75<\/td>\n<td>10 %<\/td>\n<\/tr>\n<tr>\n<th scope=\"row\"><b>B Hauteur<\/b><\/th>\n<td>64<\/td>\n<td>66<\/td>\n<td>69<\/td>\n<td>72<\/td>\n<td>74<\/td>\n<td>76<\/td>\n<td>78<\/td>\n<td>80<\/td>\n<td>82<\/td>\n<td>84<\/td>\n<td>10 %<\/td>\n<\/tr>\n<\/table><\/div>\n<div class=\"tableau-taille\">\n<h3 class=\"legende2\">Size Guide (inches)<\/h3>\n<table class=\"tableau\">\n<tr>\n<th><\/th>\n<th scope=\"col\">XXS<\/th>\n<th scope=\"col\">XS<\/th>\n<th scope=\"col\">S<\/th>\n<th scope=\"col\">M<\/th>\n<th scope=\"col\">L<\/th>\n<th scope=\"col\">XL<\/th>\n<th scope=\"col\">XXL<\/th>\n<th scope=\"col\">3XL<\/th>\n<th scope=\"col\">4XL<\/th>\n<th scope=\"col\">5XL<\/th>\n<th scope=\"col\">Tol\u00e9rance +\/-<\/th>\n<\/tr>\n<tr>\n<th scope=\"row\"><b>Width (inches)<\/b><\/th>\n<td>\n\t\t\t\t\t                        \t17\t\t\t                        \t\t\t<\/td>\n<td>\n\t\t\t\t\t                        \t18\t\t\t                        \t\t\t<\/td>\n<td>\n\t\t\t\t\t                        \t19\t\t\t                        \t\t\t<\/td>\n<td>\n\t\t\t\t\t                        \t20\t\t\t                        \t\t\t<\/td>\n<td>\n\t\t\t\t\t                        \t22\t\t\t                        \t\t\t<\/td>\n<td>\n\t\t\t\t\t                        \t23\t\t\t                        \t\t\t<\/td>\n<td>\n\t\t\t\t\t                        \t24\t\t\t                        \t\t\t<\/td>\n<td>\n\t\t\t\t\t                        \t25\t\t\t                        \t\t\t<\/td>\n<td>\n\t\t\t\t\t                        \t27\t\t\t                        \t\t\t<\/td>\n<td>\n\t\t\t\t\t                        \t29\t\t\t                        \t\t\t<\/td>\n<td>\n\t\t\t\t\t                        \t10 %\t\t\t                        \t\t\t<\/td>\n<\/tr>\n<tr>\n<th scope=\"row\"><b>Length (inches)<\/b><\/th>\n<td>\n\t\t\t\t\t                        \t25\t\t\t                        \t\t\t<\/td>\n<td>\n\t\t\t\t\t                        \t25\t\t\t                        \t\t\t<\/td>\n<td>\n\t\t\t\t\t                        \t27\t\t\t                        \t\t\t<\/td>\n<td>\n\t\t\t\t\t                        \t28\t\t\t                        \t\t\t<\/td>\n<td>\n\t\t\t\t\t                        \t29\t\t\t                        \t\t\t<\/td>\n<td>\n\t\t\t\t\t                        \t29\t\t\t                        \t\t\t<\/td>\n<td>\n\t\t\t\t\t                        \t30\t\t\t                        \t\t\t<\/td>\n<td>\n\t\t\t\t\t                        \t31\t\t\t                        \t\t\t<\/td>\n<td>\n\t\t\t\t\t                        \t32\t\t\t                        \t\t\t<\/td>\n<td>\n\t\t\t\t\t                        \t33\t\t\t                        \t\t\t<\/td>\n<td>\n\t\t\t\t\t                        \t10 %\t\t\t                        \t\t\t<\/td>\n<\/tr>\n<\/table><\/div>\n","protected":false},"excerpt":{"rendered":"<p>Pr\u00e9sentation du T-shirt &#8220;24h du Mans LMP2&#8221; D\u00e9couvrez le T-shirt &#8220;24h du Mans LMP2&#8221;, une c\u00e9l\u00e9bration de l&#8217;ing\u00e9nierie automobile et de la passion pour la course. Ce T-shirt unisexe pr\u00e9sente un dessin captivant d&#8217;une voiture prototype LMP2, participant aux l\u00e9gendaires 24 Heures du Mans. D\u00e9tails du dessin La voiture de course LMP2 est repr\u00e9sent\u00e9e en [&hellip;]<\/p>\n","protected":false},"featured_media":16012,"template":"","meta":{"_et_pb_use_builder":"","_et_pb_old_content":"","_et_gb_content_width":""},"product_brand":[],"product_cat":[266,38],"product_tag":[],"class_list":{"0":"post-16009","1":"product","2":"type-product","3":"status-publish","4":"has-post-thumbnail","6":"product_cat-24h-du-mans-courses-dendurance","7":"product_cat-tshirts","9":"first","10":"instock","11":"taxable","12":"shipping-taxable","13":"purchasable","14":"product-type-variable","15":"has-default-attributes"},"_links":{"self":[{"href":"https:\/\/www.greenbird-racing.com\/en\/wp-json\/wp\/v2\/product\/16009","targetHints":{"allow":["GET"]}}],"collection":[{"href":"https:\/\/www.greenbird-racing.com\/en\/wp-json\/wp\/v2\/product"}],"about":[{"href":"https:\/\/www.greenbird-racing.com\/en\/wp-json\/wp\/v2\/types\/product"}],"wp:featuredmedia":[{"embeddable":true,"href":"https:\/\/www.greenbird-racing.com\/en\/wp-json\/wp\/v2\/media\/16012"}],"wp:attachment":[{"href":"https:\/\/www.greenbird-racing.com\/en\/wp-json\/wp\/v2\/media?parent=16009"}],"wp:term":[{"taxonomy":"product_brand","embeddable":true,"href":"https:\/\/www.greenbird-racing.com\/en\/wp-json\/wp\/v2\/product_brand?post=16009"},{"taxonomy":"product_cat","embeddable":true,"href":"https:\/\/www.greenbird-racing.com\/en\/wp-json\/wp\/v2\/product_cat?post=16009"},{"taxonomy":"product_tag","embeddable":true,"href":"https:\/\/www.greenbird-racing.com\/en\/wp-json\/wp\/v2\/product_tag?post=16009"}],"curies":[{"name":"wp","href":"https:\/\/api.w.org\/{rel}","templated":true}]}}