 {"id":16057,"date":"2023-05-12T13:44:43","date_gmt":"2023-05-12T13:44:43","guid":{"rendered":"https:\/\/www.greenbird-racing.com\/p\/t-shirt-basique-unisexe-stanley-rocker-5\/"},"modified":"2026-04-12T05:55:48","modified_gmt":"2026-04-12T05:55:48","slug":"t-shirt-porsche-gt3-rallly","status":"publish","type":"product","link":"https:\/\/www.greenbird-racing.com\/en\/p\/t-shirt-porsche-gt3-rallly\/","title":{"rendered":"T-shirt Porsche 911 GT3 Rally"},"content":{"rendered":"<p>Voici le T-shirt &#8220;Porsche 911 GT3 Rally&#8221;, une pi\u00e8ce de choix pour tous les passionn\u00e9s de Porsche et de sport automobile. Ce T-shirt unisexe affiche un dessin dynamique d&#8217;une Porsche 911 GT3 en pleine action, mettant en lumi\u00e8re l&#8217;esprit audacieux et la performance in\u00e9gal\u00e9e de cette voiture de course.<\/p>\n<h2>D\u00e9tails du dessin<\/h2>\n<p>La Porsche 911 GT3 est repr\u00e9sent\u00e9e en blanc avec une bande centrale jaune ocre, un hommage \u00e0 ses racines sportives. L&#8217;aileron typ\u00e9 circuit, les jantes, les r\u00e9troviseurs et les \u00e9l\u00e9ments a\u00e9rodynamiques du spoiler avant sont \u00e9galement de couleur ocre, soulignant l&#8217;attention au d\u00e9tail qui caract\u00e9rise cette voiture. La voiture semble macul\u00e9e de traces de terre ou de sable de couleur ocre, r\u00e9v\u00e9lant une utilisation intensive en rallye. Le bandeau pare-soleil porte le nom du Team GPLEH69SPROT, ajoutant une touche de r\u00e9alisme au dessin. Le style cartoon de l&#8217;illustration, combin\u00e9 \u00e0 un bel effet de vitesse, donne vie \u00e0 cette Porsche 911 GT3, comme si elle venait de sortir de la course.<\/p>\n<h2>Caract\u00e9ristiques du T-shirt<\/h2>\n<p>Ce T-shirt unisexe est fabriqu\u00e9 \u00e0 partir de 100% coton biologique, offrant une douceur exceptionnelle et une durabilit\u00e9 remarquable. La coupe tubulaire et normale convient aussi bien aux femmes qu&#8217;aux hommes. Les manches mont\u00e9es, le col en c\u00f4te 1&#215;1 et la bande de propret\u00e9 int\u00e9rieure du col garantissent un confort sup\u00e9rieur.<\/p>\n<p>Disponible en tailles allant du XS au 5XL, ce T-shirt offre une grande flexibilit\u00e9 de choix. Pour les femmes, il est recommand\u00e9 de choisir une taille en dessous pour un ajustement optimal. Il est propos\u00e9 en couleur blanc, Ocre ou Bleu Marine.<\/p>\n<h2>Un hommage \u00e0 la Porsche 911 GT3<\/h2>\n<p>Porter ce T-shirt &#8220;Porsche 911 GT3 Rally&#8221; est un v\u00e9ritable hommage \u00e0 l&#8217;histoire de Porsche et \u00e0 la performance de la 911 GT3. C&#8217;est un moyen d&#8217;exprimer votre passion pour le sport automobile et d&#8217;appr\u00e9cier l&#8217;ing\u00e9nierie de pr\u00e9cision et la puissance qui caract\u00e9risent cette voiture embl\u00e9matique.<br \/>\n\t\t\t\t        \t\t\tGuide des tailles:<\/p>\n<div class=\"tableau-taille\">\n<h3 class=\"legende2\">Tableau de tailles (cm)<\/h3>\n<table class=\"tableau\">\n<tr>\n<th><\/th>\n<th scope=\"col\">XXS<\/th>\n<th scope=\"col\">XS<\/th>\n<th scope=\"col\">S<\/th>\n<th scope=\"col\">M<\/th>\n<th scope=\"col\">L<\/th>\n<th scope=\"col\">XL<\/th>\n<th scope=\"col\">XXL<\/th>\n<th scope=\"col\">3XL<\/th>\n<th scope=\"col\">4XL<\/th>\n<th scope=\"col\">5XL<\/th>\n<th scope=\"col\">Tol\u00e9rance +\/-<\/th>\n<\/tr>\n<tr>\n<th scope=\"row\"><b>A Largeur<\/b><\/th>\n<td>45<\/td>\n<td>47<\/td>\n<td>50<\/td>\n<td>53<\/td>\n<td>56<\/td>\n<td>59<\/td>\n<td>62<\/td>\n<td>65<\/td>\n<td>70<\/td>\n<td>75<\/td>\n<td>10 %<\/td>\n<\/tr>\n<tr>\n<th scope=\"row\"><b>B Hauteur<\/b><\/th>\n<td>64<\/td>\n<td>66<\/td>\n<td>69<\/td>\n<td>72<\/td>\n<td>74<\/td>\n<td>76<\/td>\n<td>78<\/td>\n<td>80<\/td>\n<td>82<\/td>\n<td>84<\/td>\n<td>10 %<\/td>\n<\/tr>\n<\/table><\/div>\n<div class=\"tableau-taille\">\n<h3 class=\"legende2\">Size Guide (inches)<\/h3>\n<table class=\"tableau\">\n<tr>\n<th><\/th>\n<th scope=\"col\">XXS<\/th>\n<th scope=\"col\">XS<\/th>\n<th scope=\"col\">S<\/th>\n<th scope=\"col\">M<\/th>\n<th scope=\"col\">L<\/th>\n<th scope=\"col\">XL<\/th>\n<th scope=\"col\">XXL<\/th>\n<th scope=\"col\">3XL<\/th>\n<th scope=\"col\">4XL<\/th>\n<th scope=\"col\">5XL<\/th>\n<th scope=\"col\">Tol\u00e9rance +\/-<\/th>\n<\/tr>\n<tr>\n<th scope=\"row\"><b>Width (inches)<\/b><\/th>\n<td>\n\t\t\t\t\t                        \t17\t\t\t                        \t\t\t<\/td>\n<td>\n\t\t\t\t\t                        \t18\t\t\t                        \t\t\t<\/td>\n<td>\n\t\t\t\t\t                        \t19\t\t\t                        \t\t\t<\/td>\n<td>\n\t\t\t\t\t                        \t20\t\t\t                        \t\t\t<\/td>\n<td>\n\t\t\t\t\t                        \t22\t\t\t                        \t\t\t<\/td>\n<td>\n\t\t\t\t\t                        \t23\t\t\t                        \t\t\t<\/td>\n<td>\n\t\t\t\t\t                        \t24\t\t\t                        \t\t\t<\/td>\n<td>\n\t\t\t\t\t                        \t25\t\t\t                        \t\t\t<\/td>\n<td>\n\t\t\t\t\t                        \t27\t\t\t                        \t\t\t<\/td>\n<td>\n\t\t\t\t\t                        \t29\t\t\t                        \t\t\t<\/td>\n<td>\n\t\t\t\t\t                        \t10 %\t\t\t                        \t\t\t<\/td>\n<\/tr>\n<tr>\n<th scope=\"row\"><b>Length (inches)<\/b><\/th>\n<td>\n\t\t\t\t\t                        \t25\t\t\t                        \t\t\t<\/td>\n<td>\n\t\t\t\t\t                        \t25\t\t\t                        \t\t\t<\/td>\n<td>\n\t\t\t\t\t                        \t27\t\t\t                        \t\t\t<\/td>\n<td>\n\t\t\t\t\t                        \t28\t\t\t                        \t\t\t<\/td>\n<td>\n\t\t\t\t\t                        \t29\t\t\t                        \t\t\t<\/td>\n<td>\n\t\t\t\t\t                        \t29\t\t\t                        \t\t\t<\/td>\n<td>\n\t\t\t\t\t                        \t30\t\t\t                        \t\t\t<\/td>\n<td>\n\t\t\t\t\t                        \t31\t\t\t                        \t\t\t<\/td>\n<td>\n\t\t\t\t\t                        \t32\t\t\t                        \t\t\t<\/td>\n<td>\n\t\t\t\t\t                        \t33\t\t\t                        \t\t\t<\/td>\n<td>\n\t\t\t\t\t                        \t10 %\t\t\t                        \t\t\t<\/td>\n<\/tr>\n<\/table><\/div>\n","protected":false},"excerpt":{"rendered":"<p>Voici le T-shirt &#8220;Porsche 911 GT3 Rally&#8221;, une pi\u00e8ce de choix pour tous les passionn\u00e9s de Porsche et de sport automobile. Ce T-shirt unisexe affiche un dessin dynamique d&#8217;une Porsche 911 GT3 en pleine action, mettant en lumi\u00e8re l&#8217;esprit audacieux et la performance in\u00e9gal\u00e9e de cette voiture de course. D\u00e9tails du dessin La Porsche 911 [&hellip;]<\/p>\n","protected":false},"featured_media":16055,"template":"","meta":{"_et_pb_use_builder":"","_et_pb_old_content":"","_et_gb_content_width":""},"product_brand":[],"product_cat":[49,183,38],"product_tag":[],"class_list":{"0":"post-16057","1":"product","2":"type-product","3":"status-publish","4":"has-post-thumbnail","6":"product_cat-porsche-911","7":"product_cat-rallyes","8":"product_cat-tshirts","10":"first","11":"instock","12":"taxable","13":"shipping-taxable","14":"purchasable","15":"product-type-variable","16":"has-default-attributes"},"_links":{"self":[{"href":"https:\/\/www.greenbird-racing.com\/en\/wp-json\/wp\/v2\/product\/16057","targetHints":{"allow":["GET"]}}],"collection":[{"href":"https:\/\/www.greenbird-racing.com\/en\/wp-json\/wp\/v2\/product"}],"about":[{"href":"https:\/\/www.greenbird-racing.com\/en\/wp-json\/wp\/v2\/types\/product"}],"wp:featuredmedia":[{"embeddable":true,"href":"https:\/\/www.greenbird-racing.com\/en\/wp-json\/wp\/v2\/media\/16055"}],"wp:attachment":[{"href":"https:\/\/www.greenbird-racing.com\/en\/wp-json\/wp\/v2\/media?parent=16057"}],"wp:term":[{"taxonomy":"product_brand","embeddable":true,"href":"https:\/\/www.greenbird-racing.com\/en\/wp-json\/wp\/v2\/product_brand?post=16057"},{"taxonomy":"product_cat","embeddable":true,"href":"https:\/\/www.greenbird-racing.com\/en\/wp-json\/wp\/v2\/product_cat?post=16057"},{"taxonomy":"product_tag","embeddable":true,"href":"https:\/\/www.greenbird-racing.com\/en\/wp-json\/wp\/v2\/product_tag?post=16057"}],"curies":[{"name":"wp","href":"https:\/\/api.w.org\/{rel}","templated":true}]}}