 {"id":16155,"date":"2023-06-16T20:28:35","date_gmt":"2023-06-16T20:28:35","guid":{"rendered":"https:\/\/www.greenbird-racing.com\/p\/t-shirt-bmw-m3-e36-rain-race\/"},"modified":"2026-04-16T05:45:59","modified_gmt":"2026-04-16T05:45:59","slug":"t-shirt-bmw-m3-e36-rain-race","status":"publish","type":"product","link":"https:\/\/www.greenbird-racing.com\/en\/p\/t-shirt-bmw-m3-e36-rain-race\/","title":{"rendered":"T-shirt BMW M3 E46 Rain Race"},"content":{"rendered":"<h2>Le T-shirt &#8220;3 BMW E46 pr\u00e9par\u00e9es en comp\u00e9tition sous la pluie&#8221;<\/h2>\n<p>Plongez-vous dans l&#8217;action des pistes de course avec le T-shirt &#8220;BMW E46 Rain Race&#8221;. Cette pi\u00e8ce de v\u00eatement unique et excitante met en sc\u00e8ne un trio de BMW E46 pr\u00e9par\u00e9es, rivalisant d&#8217;audace sur une piste mouill\u00e9e. C&#8217;est une c\u00e9l\u00e9bration de la performance et du courage, offrant aux fans de BMW une exp\u00e9rience visuelle m\u00e9morable \u00e0 chaque fois qu&#8217;ils portent ce T-shirt.<\/p>\n<h2>Caract\u00e9ristiques du dessin<\/h2>\n<p>Le dessin du T-shirt est une repr\u00e9sentation dynamique d&#8217;une course sous la pluie avec trois BMW E46 modifi\u00e9es pour la comp\u00e9tition. Les voitures, sont d\u00e9peintes avec style en pleine lutte, projetant de l&#8217;eau sur la piste. Le design du dessin et le souci du d\u00e9tail donnent vie \u00e0 cette sc\u00e8ne palpitante, capturant toute l&#8217;intensit\u00e9 de la course et la passion pour ces v\u00e9hicules embl\u00e9matiques.<\/p>\n<h2>Sp\u00e9cifications du T-shirt<\/h2>\n<p>Ce T-shirt unisexe est fabriqu\u00e9 en 100% coton biologique, promettant une douceur in\u00e9gal\u00e9e qui s\u00e9duira aussi bien les femmes que les hommes. Il dispose de manches mont\u00e9es, d&#8217;un col en c\u00f4te 1&#215;1 et d&#8217;une bande de propret\u00e9 \u00e0 l&#8217;int\u00e9rieur du col dans la mati\u00e8re principale, attestant de la qualit\u00e9 de sa finition. De coupe tubulaire et normale, ce T-shirt est disponible en tailles allant du XS au 5XL. Il est recommand\u00e9 aux femmes de choisir une taille en dessous de leur taille habituelle.<\/p>\n<h2>Un hommage \u00e0 la BMW E46<\/h2>\n<p>Le T-shirt &#8220;BMW E36 Rain Race&#8221; est plus qu&#8217;un simple v\u00eatement &#8211; c&#8217;est une d\u00e9claration de passion pour la marque BMW et pour la s\u00e9rie E46 en particulier. Portez-le pour afficher votre amour pour ces v\u00e9hicules iconiques et pour c\u00e9l\u00e9brer la comp\u00e9tition automobile dans toute sa splendeur.<br \/>\nT-shirt unisexe en 100% coton Bio. T-shirt basique de grande qualit\u00e9 avec sa fibre douce en coton qui conviendra aux femmes comme aux hommes. Manches mont\u00e9es, col en c\u00f4te 1&#215;1, bande de propret\u00e9 int\u00e9rieur col dans la mati\u00e8re principale. T-shirt coupe tubulaire et normale. T-shirt en Jersey simple, 100% coton biologique fil\u00e9 et peign\u00e9. Taille : Du XS au 5XL (Il est recommand\u00e9 de choisir une taille en dessous pour les femmes). Grammage : 150 G\/M\u00b2<br \/>\n\t\t\t\t        \t\t\tGuide des tailles:<\/p>\n<div class=\"tableau-taille\">\n<h3 class=\"legende2\">Tableau de tailles (cm)<\/h3>\n<table class=\"tableau\">\n<tr>\n<th><\/th>\n<th scope=\"col\">XXS<\/th>\n<th scope=\"col\">XS<\/th>\n<th scope=\"col\">S<\/th>\n<th scope=\"col\">M<\/th>\n<th scope=\"col\">L<\/th>\n<th scope=\"col\">XL<\/th>\n<th scope=\"col\">XXL<\/th>\n<th scope=\"col\">3XL<\/th>\n<th scope=\"col\">4XL<\/th>\n<th scope=\"col\">5XL<\/th>\n<th scope=\"col\">Tol\u00e9rance +\/-<\/th>\n<\/tr>\n<tr>\n<th scope=\"row\"><b>A Largeur<\/b><\/th>\n<td>45<\/td>\n<td>47<\/td>\n<td>50<\/td>\n<td>53<\/td>\n<td>56<\/td>\n<td>59<\/td>\n<td>62<\/td>\n<td>65<\/td>\n<td>70<\/td>\n<td>75<\/td>\n<td>10 %<\/td>\n<\/tr>\n<tr>\n<th scope=\"row\"><b>B Hauteur<\/b><\/th>\n<td>64<\/td>\n<td>66<\/td>\n<td>69<\/td>\n<td>72<\/td>\n<td>74<\/td>\n<td>76<\/td>\n<td>78<\/td>\n<td>80<\/td>\n<td>82<\/td>\n<td>84<\/td>\n<td>10 %<\/td>\n<\/tr>\n<\/table><\/div>\n<div class=\"tableau-taille\">\n<h3 class=\"legende2\">Size Guide (inches)<\/h3>\n<table class=\"tableau\">\n<tr>\n<th><\/th>\n<th scope=\"col\">XXS<\/th>\n<th scope=\"col\">XS<\/th>\n<th scope=\"col\">S<\/th>\n<th scope=\"col\">M<\/th>\n<th scope=\"col\">L<\/th>\n<th scope=\"col\">XL<\/th>\n<th scope=\"col\">XXL<\/th>\n<th scope=\"col\">3XL<\/th>\n<th scope=\"col\">4XL<\/th>\n<th scope=\"col\">5XL<\/th>\n<th scope=\"col\">Tol\u00e9rance +\/-<\/th>\n<\/tr>\n<tr>\n<th scope=\"row\"><b>Width (inches)<\/b><\/th>\n<td>\n\t\t\t\t\t                        \t17\t\t\t                        \t\t\t<\/td>\n<td>\n\t\t\t\t\t                        \t18\t\t\t                        \t\t\t<\/td>\n<td>\n\t\t\t\t\t                        \t19\t\t\t                        \t\t\t<\/td>\n<td>\n\t\t\t\t\t                        \t20\t\t\t                        \t\t\t<\/td>\n<td>\n\t\t\t\t\t                        \t22\t\t\t                        \t\t\t<\/td>\n<td>\n\t\t\t\t\t                        \t23\t\t\t                        \t\t\t<\/td>\n<td>\n\t\t\t\t\t                        \t24\t\t\t                        \t\t\t<\/td>\n<td>\n\t\t\t\t\t                        \t25\t\t\t                        \t\t\t<\/td>\n<td>\n\t\t\t\t\t                        \t27\t\t\t                        \t\t\t<\/td>\n<td>\n\t\t\t\t\t                        \t29\t\t\t                        \t\t\t<\/td>\n<td>\n\t\t\t\t\t                        \t10 %\t\t\t                        \t\t\t<\/td>\n<\/tr>\n<tr>\n<th scope=\"row\"><b>Length (inches)<\/b><\/th>\n<td>\n\t\t\t\t\t                        \t25\t\t\t                        \t\t\t<\/td>\n<td>\n\t\t\t\t\t                        \t25\t\t\t                        \t\t\t<\/td>\n<td>\n\t\t\t\t\t                        \t27\t\t\t                        \t\t\t<\/td>\n<td>\n\t\t\t\t\t                        \t28\t\t\t                        \t\t\t<\/td>\n<td>\n\t\t\t\t\t                        \t29\t\t\t                        \t\t\t<\/td>\n<td>\n\t\t\t\t\t                        \t29\t\t\t                        \t\t\t<\/td>\n<td>\n\t\t\t\t\t                        \t30\t\t\t                        \t\t\t<\/td>\n<td>\n\t\t\t\t\t                        \t31\t\t\t                        \t\t\t<\/td>\n<td>\n\t\t\t\t\t                        \t32\t\t\t                        \t\t\t<\/td>\n<td>\n\t\t\t\t\t                        \t33\t\t\t                        \t\t\t<\/td>\n<td>\n\t\t\t\t\t                        \t10 %\t\t\t                        \t\t\t<\/td>\n<\/tr>\n<\/table><\/div>\n","protected":false},"excerpt":{"rendered":"<p>Le T-shirt &#8220;3 BMW E46 pr\u00e9par\u00e9es en comp\u00e9tition sous la pluie&#8221; Plongez-vous dans l&#8217;action des pistes de course avec le T-shirt &#8220;BMW E46 Rain Race&#8221;. Cette pi\u00e8ce de v\u00eatement unique et excitante met en sc\u00e8ne un trio de BMW E46 pr\u00e9par\u00e9es, rivalisant d&#8217;audace sur une piste mouill\u00e9e. C&#8217;est une c\u00e9l\u00e9bration de la performance et du [&hellip;]<\/p>\n","protected":false},"featured_media":16153,"template":"","meta":{"_et_pb_use_builder":"","_et_pb_old_content":"","_et_gb_content_width":""},"product_brand":[],"product_cat":[51,38],"product_tag":[],"class_list":{"0":"post-16155","1":"product","2":"type-product","3":"status-publish","4":"has-post-thumbnail","6":"product_cat-m3e30","7":"product_cat-tshirts","9":"first","10":"instock","11":"taxable","12":"shipping-taxable","13":"purchasable","14":"product-type-variable","15":"has-default-attributes"},"_links":{"self":[{"href":"https:\/\/www.greenbird-racing.com\/en\/wp-json\/wp\/v2\/product\/16155","targetHints":{"allow":["GET"]}}],"collection":[{"href":"https:\/\/www.greenbird-racing.com\/en\/wp-json\/wp\/v2\/product"}],"about":[{"href":"https:\/\/www.greenbird-racing.com\/en\/wp-json\/wp\/v2\/types\/product"}],"wp:featuredmedia":[{"embeddable":true,"href":"https:\/\/www.greenbird-racing.com\/en\/wp-json\/wp\/v2\/media\/16153"}],"wp:attachment":[{"href":"https:\/\/www.greenbird-racing.com\/en\/wp-json\/wp\/v2\/media?parent=16155"}],"wp:term":[{"taxonomy":"product_brand","embeddable":true,"href":"https:\/\/www.greenbird-racing.com\/en\/wp-json\/wp\/v2\/product_brand?post=16155"},{"taxonomy":"product_cat","embeddable":true,"href":"https:\/\/www.greenbird-racing.com\/en\/wp-json\/wp\/v2\/product_cat?post=16155"},{"taxonomy":"product_tag","embeddable":true,"href":"https:\/\/www.greenbird-racing.com\/en\/wp-json\/wp\/v2\/product_tag?post=16155"}],"curies":[{"name":"wp","href":"https:\/\/api.w.org\/{rel}","templated":true}]}}