 {"id":16212,"date":"2013-06-17T05:32:09","date_gmt":"2013-06-17T05:32:09","guid":{"rendered":"https:\/\/www.greenbird-racing.com\/p\/t-shirt-enfant-bmw-m3-e46-rain-race\/"},"modified":"2026-04-10T05:44:11","modified_gmt":"2026-04-10T05:44:11","slug":"t-shirt-enfant-bmw-m3-e46-rain-race","status":"publish","type":"product","link":"https:\/\/www.greenbird-racing.com\/en\/p\/t-shirt-enfant-bmw-m3-e46-rain-race\/","title":{"rendered":"T-shirt enfant BMW M3 E46 Rain Race"},"content":{"rendered":"<p>T-shirt enfant BMW M3 E46 Rain Race<br \/>\nT-shirt enfant personnalis\u00e9 en broderie et en impression. T-shirt pour enfant tr\u00e8s confortable avec sa composition en 100% coton.T-shirt col rond avec bande de propret\u00e9 . Composition : 100% Coton. Gris Chin\u00e9 97% Coton, 3% Polyester. Grammage. Blanc &#8211; 135 g\/m\u00b2, Couleurs &#8211; 145 g\/m\u00b2. Taille 3\/4 104cm 5\/6 116cm 7\/8 128cm 9\/11 140cm 12\/13 152cm 14\/15 164cm.<br \/>\n\t\t\t\t        \t\t\tGuide des tailles:<\/p>\n<div class=\"tableau-taille\">\n<h3 class=\"legende2\">Tableau de tailles (cm)<\/h3>\n<table class=\"tableau\">\n<tr>\n<th><\/th>\n<th scope=\"col\">3-4 ans<\/th>\n<th scope=\"col\">5-6 ans<\/th>\n<th scope=\"col\">7-8 ans<\/th>\n<th scope=\"col\">9-11 ans<\/th>\n<th scope=\"col\">12-13 ans<\/th>\n<th scope=\"col\">14-15 ans<\/th>\n<th scope=\"col\">Tol\u00e9rance (+\/-)<\/th>\n<th scope=\"col\">Tol\u00e9rance +\/-<\/th>\n<\/tr>\n<tr>\n<th scope=\"row\"><b>A Largeur<\/b><\/th>\n<td>38<\/td>\n<td>40.5<\/td>\n<td>43<\/td>\n<td>46<\/td>\n<td>48.5<\/td>\n<td>53.5<\/td>\n<td>2.5 %<\/td>\n<td>10 %<\/td>\n<\/tr>\n<tr>\n<th scope=\"row\"><b>B Hauteur<\/b><\/th>\n<td>45<\/td>\n<td>50<\/td>\n<td>55<\/td>\n<td>60<\/td>\n<td>65<\/td>\n<td>72<\/td>\n<td>2.5 %<\/td>\n<td>10 %<\/td>\n<\/tr>\n<\/table><\/div>\n<div class=\"tableau-taille\">\n<h3 class=\"legende2\">Size Guide (inches)<\/h3>\n<table class=\"tableau\">\n<tr>\n<th><\/th>\n<th scope=\"col\">3-4 ans<\/th>\n<th scope=\"col\">5-6 ans<\/th>\n<th scope=\"col\">7-8 ans<\/th>\n<th scope=\"col\">9-11 ans<\/th>\n<th scope=\"col\">12-13 ans<\/th>\n<th scope=\"col\">14-15 ans<\/th>\n<th scope=\"col\">Tol\u00e9rance (+\/-)<\/th>\n<th scope=\"col\">Tol\u00e9rance +\/-<\/th>\n<\/tr>\n<tr>\n<th scope=\"row\"><b>Width (inches)<\/b><\/th>\n<td>\n\t\t\t\t\t                        \t14\t\t\t                        \t\t\t<\/td>\n<td>\n\t\t\t\t\t                        \t15\t\t\t                        \t\t\t<\/td>\n<td>\n\t\t\t\t\t                        \t16\t\t\t                        \t\t\t<\/td>\n<td>\n\t\t\t\t\t                        \t18\t\t\t                        \t\t\t<\/td>\n<td>\n\t\t\t\t\t                        \t19\t\t\t                        \t\t\t<\/td>\n<td>\n\t\t\t\t\t                        \t21\t\t\t                        \t\t\t<\/td>\n<td>\n\t\t\t\t\t                        \t0\t\t\t                        \t\t\t<\/td>\n<td>\n\t\t\t\t\t                        \t10 %\t\t\t                        \t\t\t<\/td>\n<\/tr>\n<tr>\n<th scope=\"row\"><b>Length (inches)<\/b><\/th>\n<td>\n\t\t\t\t\t                        \t17\t\t\t                        \t\t\t<\/td>\n<td>\n\t\t\t\t\t                        \t19\t\t\t                        \t\t\t<\/td>\n<td>\n\t\t\t\t\t                        \t21\t\t\t                        \t\t\t<\/td>\n<td>\n\t\t\t\t\t                        \t23\t\t\t                        \t\t\t<\/td>\n<td>\n\t\t\t\t\t                        \t25\t\t\t                        \t\t\t<\/td>\n<td>\n\t\t\t\t\t                        \t28\t\t\t                        \t\t\t<\/td>\n<td>\n\t\t\t\t\t                        \t0\t\t\t                        \t\t\t<\/td>\n<td>\n\t\t\t\t\t                        \t10 %\t\t\t                        \t\t\t<\/td>\n<\/tr>\n<\/table><\/div>\n","protected":false},"excerpt":{"rendered":"<p>T-shirt enfant BMW M3 E46 Rain Race T-shirt enfant personnalis\u00e9 en broderie et en impression. T-shirt pour enfant tr\u00e8s confortable avec sa composition en 100% coton.T-shirt col rond avec bande de propret\u00e9 . Composition : 100% Coton. Gris Chin\u00e9 97% Coton, 3% Polyester. Grammage. Blanc &#8211; 135 g\/m\u00b2, Couleurs &#8211; 145 g\/m\u00b2. Taille 3\/4 104cm [&hellip;]<\/p>\n","protected":false},"featured_media":16210,"template":"","meta":{"_et_pb_use_builder":"","_et_pb_old_content":"","_et_gb_content_width":""},"product_brand":[],"product_cat":[262],"product_tag":[],"class_list":{"0":"post-16212","1":"product","2":"type-product","3":"status-publish","4":"has-post-thumbnail","6":"product_cat-t-shirt-enfant","8":"first","9":"instock","10":"taxable","11":"shipping-taxable","12":"purchasable","13":"product-type-variable"},"_links":{"self":[{"href":"https:\/\/www.greenbird-racing.com\/en\/wp-json\/wp\/v2\/product\/16212","targetHints":{"allow":["GET"]}}],"collection":[{"href":"https:\/\/www.greenbird-racing.com\/en\/wp-json\/wp\/v2\/product"}],"about":[{"href":"https:\/\/www.greenbird-racing.com\/en\/wp-json\/wp\/v2\/types\/product"}],"wp:featuredmedia":[{"embeddable":true,"href":"https:\/\/www.greenbird-racing.com\/en\/wp-json\/wp\/v2\/media\/16210"}],"wp:attachment":[{"href":"https:\/\/www.greenbird-racing.com\/en\/wp-json\/wp\/v2\/media?parent=16212"}],"wp:term":[{"taxonomy":"product_brand","embeddable":true,"href":"https:\/\/www.greenbird-racing.com\/en\/wp-json\/wp\/v2\/product_brand?post=16212"},{"taxonomy":"product_cat","embeddable":true,"href":"https:\/\/www.greenbird-racing.com\/en\/wp-json\/wp\/v2\/product_cat?post=16212"},{"taxonomy":"product_tag","embeddable":true,"href":"https:\/\/www.greenbird-racing.com\/en\/wp-json\/wp\/v2\/product_tag?post=16212"}],"curies":[{"name":"wp","href":"https:\/\/api.w.org\/{rel}","templated":true}]}}