 {"id":16512,"date":"2023-08-16T15:48:28","date_gmt":"2023-08-16T15:48:28","guid":{"rendered":"https:\/\/www.greenbird-racing.com\/p\/polo-alfa-romeo-gtv6-vhc-deco-yves-loubet\/"},"modified":"2026-04-29T05:42:17","modified_gmt":"2026-04-29T05:42:17","slug":"polo-alfa-romeo-gtv6-vhc-deco-yves-loubet","status":"publish","type":"product","link":"https:\/\/www.greenbird-racing.com\/en\/p\/polo-alfa-romeo-gtv6-vhc-deco-yves-loubet\/","title":{"rendered":"Polo Alfa Rom\u00e9o GTV6 vhc d\u00e9co Yves Loubet"},"content":{"rendered":"<p>\t\t\t\t        \t\t\tT-shirt Alfa Rom\u00e9o GTV6 vhc d\u00e9co Yves Loubet 100% coton piqu\u00e9. Col en bord-c\u00f4te : liser\u00e9s dessus et dessous de col contrast\u00e9s . Bande de propret\u00e9 contrast\u00e9e \u00e0 l&#8217;encolure et aux fentes c\u00f4t\u00e9s. Patte de boutonnage devant avec dessous fantaisie et 2 boutons. Bord-c\u00f4te avec liser\u00e9 contrast\u00e9 au bas de manches. Finition double aiguille au bas du v\u00eatement. Le col, renforc\u00e9 \u00e0 l&#8217;arri\u00e8re, peut se porter relev\u00e9 ou baiss\u00e9. Grammage : 220 g\/m\u00b2<br \/>\n\t\t\t\t        \t\t\tGuide des tailles:<\/p>\n<div class=\"tableau-taille\">\n<h3 class=\"legende2\">Tableau de tailles (cm)<\/h3>\n<table class=\"tableau\">\n<tr>\n<th><\/th>\n<th scope=\"col\">S<\/th>\n<th scope=\"col\">M<\/th>\n<th scope=\"col\">L<\/th>\n<th scope=\"col\">XL<\/th>\n<th scope=\"col\">XXL<\/th>\n<th scope=\"col\">3XL<\/th>\n<th scope=\"col\">Tol\u00e9rance +\/-<\/th>\n<\/tr>\n<tr>\n<th scope=\"row\"><b>A Hauteur<\/b><\/th>\n<td>70<\/td>\n<td>72<\/td>\n<td>74<\/td>\n<td>76<\/td>\n<td>78<\/td>\n<td>80.75<\/td>\n<td>10 %<\/td>\n<\/tr>\n<tr>\n<th scope=\"row\"><b>B Largeur<\/b><\/th>\n<td>49<\/td>\n<td>52<\/td>\n<td>55<\/td>\n<td>58<\/td>\n<td>61<\/td>\n<td>65<\/td>\n<td>10 %<\/td>\n<\/tr>\n<\/table><\/div>\n<div class=\"tableau-taille\">\n<h3 class=\"legende2\">Size Guide (inches)<\/h3>\n<table class=\"tableau\">\n<tr>\n<th><\/th>\n<th scope=\"col\">S<\/th>\n<th scope=\"col\">M<\/th>\n<th scope=\"col\">L<\/th>\n<th scope=\"col\">XL<\/th>\n<th scope=\"col\">XXL<\/th>\n<th scope=\"col\">3XL<\/th>\n<th scope=\"col\">Tol\u00e9rance +\/-<\/th>\n<\/tr>\n<tr>\n<th scope=\"row\"><b>Width (inches)<\/b><\/th>\n<td>\n\t\t\t\t\t                        \t27\t\t\t                        \t\t\t<\/td>\n<td>\n\t\t\t\t\t                        \t28\t\t\t                        \t\t\t<\/td>\n<td>\n\t\t\t\t\t                        \t29\t\t\t                        \t\t\t<\/td>\n<td>\n\t\t\t\t\t                        \t29\t\t\t                        \t\t\t<\/td>\n<td>\n\t\t\t\t\t                        \t30\t\t\t                        \t\t\t<\/td>\n<td>\n\t\t\t\t\t                        \t31\t\t\t                        \t\t\t<\/td>\n<td>\n\t\t\t\t\t                        \t10 %\t\t\t                        \t\t\t<\/td>\n<\/tr>\n<tr>\n<th scope=\"row\"><b>Length (inches)<\/b><\/th>\n<td>\n\t\t\t\t\t                        \t19\t\t\t                        \t\t\t<\/td>\n<td>\n\t\t\t\t\t                        \t20\t\t\t                        \t\t\t<\/td>\n<td>\n\t\t\t\t\t                        \t21\t\t\t                        \t\t\t<\/td>\n<td>\n\t\t\t\t\t                        \t22\t\t\t                        \t\t\t<\/td>\n<td>\n\t\t\t\t\t                        \t24\t\t\t                        \t\t\t<\/td>\n<td>\n\t\t\t\t\t                        \t25\t\t\t                        \t\t\t<\/td>\n<td>\n\t\t\t\t\t                        \t10 %\t\t\t                        \t\t\t<\/td>\n<\/tr>\n<\/table><\/div>\n","protected":false},"excerpt":{"rendered":"<p>T-shirt Alfa Rom\u00e9o GTV6 vhc d\u00e9co Yves Loubet 100% coton piqu\u00e9. Col en bord-c\u00f4te : liser\u00e9s dessus et dessous de col contrast\u00e9s . Bande de propret\u00e9 contrast\u00e9e \u00e0 l&#8217;encolure et aux fentes c\u00f4t\u00e9s. Patte de boutonnage devant avec dessous fantaisie et 2 boutons. Bord-c\u00f4te avec liser\u00e9 contrast\u00e9 au bas de manches. Finition double aiguille au [&hellip;]<\/p>\n","protected":false},"featured_media":16510,"template":"","meta":{"_et_pb_use_builder":"","_et_pb_old_content":"","_et_gb_content_width":""},"product_brand":[],"product_cat":[239],"product_tag":[],"class_list":{"0":"post-16512","1":"product","2":"type-product","3":"status-publish","4":"has-post-thumbnail","6":"product_cat-modern-historic-motorsport","8":"first","9":"instock","10":"taxable","11":"shipping-taxable","12":"purchasable","13":"product-type-variable"},"_links":{"self":[{"href":"https:\/\/www.greenbird-racing.com\/en\/wp-json\/wp\/v2\/product\/16512","targetHints":{"allow":["GET"]}}],"collection":[{"href":"https:\/\/www.greenbird-racing.com\/en\/wp-json\/wp\/v2\/product"}],"about":[{"href":"https:\/\/www.greenbird-racing.com\/en\/wp-json\/wp\/v2\/types\/product"}],"wp:featuredmedia":[{"embeddable":true,"href":"https:\/\/www.greenbird-racing.com\/en\/wp-json\/wp\/v2\/media\/16510"}],"wp:attachment":[{"href":"https:\/\/www.greenbird-racing.com\/en\/wp-json\/wp\/v2\/media?parent=16512"}],"wp:term":[{"taxonomy":"product_brand","embeddable":true,"href":"https:\/\/www.greenbird-racing.com\/en\/wp-json\/wp\/v2\/product_brand?post=16512"},{"taxonomy":"product_cat","embeddable":true,"href":"https:\/\/www.greenbird-racing.com\/en\/wp-json\/wp\/v2\/product_cat?post=16512"},{"taxonomy":"product_tag","embeddable":true,"href":"https:\/\/www.greenbird-racing.com\/en\/wp-json\/wp\/v2\/product_tag?post=16512"}],"curies":[{"name":"wp","href":"https:\/\/api.w.org\/{rel}","templated":true}]}}