 {"id":16552,"date":"2023-08-16T16:12:26","date_gmt":"2023-08-16T16:12:26","guid":{"rendered":"https:\/\/www.greenbird-racing.com\/p\/polo-homme-220g-alfa-romeo-gtv6-vhc-deco-yves-loubet\/"},"modified":"2026-04-29T05:42:07","modified_gmt":"2026-04-29T05:42:07","slug":"polo-homme-220g-alfa-romeo-gtv6-vhc-deco-yves-loubet","status":"publish","type":"product","link":"https:\/\/www.greenbird-racing.com\/en\/p\/polo-homme-220g-alfa-romeo-gtv6-vhc-deco-yves-loubet\/","title":{"rendered":"Polo Homme 220g Alfa Rom\u00e9o GTV6 vhc d\u00e9co Yves Loubet"},"content":{"rendered":"<p>\t\t\t\t        \t\t\tPolo Homme 220g Alfa Rom\u00e9o GTV6 vhc d\u00e9co Yves Loubet 100% coton piqu\u00e9 &#8211; lavable \u00e0 60\u00b0 (Oxford Grey : 90% coton \/ 10% viscose &#8211; lavable \u00e0 40\u00b0). Col en bord-c\u00f4te. Bande de propret\u00e9 encolure et fentes c\u00f4t\u00e9 contrast\u00e9e Dark Grey pour le polo Oxford Grey et Heather Grey pour tous les autres coloris. Finition double aiguille bas de v\u00eatement. Patte de boutonnage 3 boutons. Bord-c\u00f4te bas de manche<br \/>\n\t\t\t\t        \t\t\tGuide des tailles:<\/p>\n<div class=\"tableau-taille\">\n<h3 class=\"legende2\">Tableau de tailles (cm)<\/h3>\n<table class=\"tableau\">\n<tr>\n<th><\/th>\n<th scope=\"col\">S<\/th>\n<th scope=\"col\">M<\/th>\n<th scope=\"col\">L<\/th>\n<th scope=\"col\">XL<\/th>\n<th scope=\"col\">XXL<\/th>\n<th scope=\"col\">3XL<\/th>\n<th scope=\"col\">4XL<\/th>\n<th scope=\"col\">Tol\u00e9rance +\/-<\/th>\n<\/tr>\n<tr>\n<th scope=\"row\"><b>A Hauteur<\/b><\/th>\n<td>72.5<\/td>\n<td>74.5<\/td>\n<td>76.5<\/td>\n<td>78.5<\/td>\n<td>80.5<\/td>\n<td>83.25<\/td>\n<td>86<\/td>\n<td>10 %<\/td>\n<\/tr>\n<tr>\n<th scope=\"row\"><b>B Largeur<\/b><\/th>\n<td>50<\/td>\n<td>53<\/td>\n<td>56<\/td>\n<td>59<\/td>\n<td>62<\/td>\n<td>66<\/td>\n<td>70<\/td>\n<td>10 %<\/td>\n<\/tr>\n<\/table><\/div>\n<div class=\"tableau-taille\">\n<h3 class=\"legende2\">Size Guide (inches)<\/h3>\n<table class=\"tableau\">\n<tr>\n<th><\/th>\n<th scope=\"col\">S<\/th>\n<th scope=\"col\">M<\/th>\n<th scope=\"col\">L<\/th>\n<th scope=\"col\">XL<\/th>\n<th scope=\"col\">XXL<\/th>\n<th scope=\"col\">3XL<\/th>\n<th scope=\"col\">4XL<\/th>\n<th scope=\"col\">Tol\u00e9rance +\/-<\/th>\n<\/tr>\n<tr>\n<th scope=\"row\"><b>Width (inches)<\/b><\/th>\n<td>\n\t\t\t\t\t                        \t28\t\t\t                        \t\t\t<\/td>\n<td>\n\t\t\t\t\t                        \t29\t\t\t                        \t\t\t<\/td>\n<td>\n\t\t\t\t\t                        \t30\t\t\t                        \t\t\t<\/td>\n<td>\n\t\t\t\t\t                        \t30\t\t\t                        \t\t\t<\/td>\n<td>\n\t\t\t\t\t                        \t31\t\t\t                        \t\t\t<\/td>\n<td>\n\t\t\t\t\t                        \t32\t\t\t                        \t\t\t<\/td>\n<td>\n\t\t\t\t\t                        \t33\t\t\t                        \t\t\t<\/td>\n<td>\n\t\t\t\t\t                        \t10 %\t\t\t                        \t\t\t<\/td>\n<\/tr>\n<tr>\n<th scope=\"row\"><b>Length (inches)<\/b><\/th>\n<td>\n\t\t\t\t\t                        \t19\t\t\t                        \t\t\t<\/td>\n<td>\n\t\t\t\t\t                        \t20\t\t\t                        \t\t\t<\/td>\n<td>\n\t\t\t\t\t                        \t22\t\t\t                        \t\t\t<\/td>\n<td>\n\t\t\t\t\t                        \t23\t\t\t                        \t\t\t<\/td>\n<td>\n\t\t\t\t\t                        \t24\t\t\t                        \t\t\t<\/td>\n<td>\n\t\t\t\t\t                        \t25\t\t\t                        \t\t\t<\/td>\n<td>\n\t\t\t\t\t                        \t27\t\t\t                        \t\t\t<\/td>\n<td>\n\t\t\t\t\t                        \t10 %\t\t\t                        \t\t\t<\/td>\n<\/tr>\n<\/table><\/div>\n","protected":false},"excerpt":{"rendered":"<p>Polo Homme 220g Alfa Rom\u00e9o GTV6 vhc d\u00e9co Yves Loubet 100% coton piqu\u00e9 &#8211; lavable \u00e0 60\u00b0 (Oxford Grey : 90% coton \/ 10% viscose &#8211; lavable \u00e0 40\u00b0). Col en bord-c\u00f4te. Bande de propret\u00e9 encolure et fentes c\u00f4t\u00e9 contrast\u00e9e Dark Grey pour le polo Oxford Grey et Heather Grey pour tous les autres coloris. [&hellip;]<\/p>\n","protected":false},"featured_media":16550,"template":"","meta":{"_et_pb_use_builder":"","_et_pb_old_content":"","_et_gb_content_width":""},"product_brand":[],"product_cat":[239],"product_tag":[],"class_list":{"0":"post-16552","1":"product","2":"type-product","3":"status-publish","4":"has-post-thumbnail","6":"product_cat-modern-historic-motorsport","8":"first","9":"instock","10":"taxable","11":"shipping-taxable","12":"purchasable","13":"product-type-variable"},"_links":{"self":[{"href":"https:\/\/www.greenbird-racing.com\/en\/wp-json\/wp\/v2\/product\/16552","targetHints":{"allow":["GET"]}}],"collection":[{"href":"https:\/\/www.greenbird-racing.com\/en\/wp-json\/wp\/v2\/product"}],"about":[{"href":"https:\/\/www.greenbird-racing.com\/en\/wp-json\/wp\/v2\/types\/product"}],"wp:featuredmedia":[{"embeddable":true,"href":"https:\/\/www.greenbird-racing.com\/en\/wp-json\/wp\/v2\/media\/16550"}],"wp:attachment":[{"href":"https:\/\/www.greenbird-racing.com\/en\/wp-json\/wp\/v2\/media?parent=16552"}],"wp:term":[{"taxonomy":"product_brand","embeddable":true,"href":"https:\/\/www.greenbird-racing.com\/en\/wp-json\/wp\/v2\/product_brand?post=16552"},{"taxonomy":"product_cat","embeddable":true,"href":"https:\/\/www.greenbird-racing.com\/en\/wp-json\/wp\/v2\/product_cat?post=16552"},{"taxonomy":"product_tag","embeddable":true,"href":"https:\/\/www.greenbird-racing.com\/en\/wp-json\/wp\/v2\/product_tag?post=16552"}],"curies":[{"name":"wp","href":"https:\/\/api.w.org\/{rel}","templated":true}]}}