 {"id":16914,"date":"2023-12-17T19:56:02","date_gmt":"2023-12-17T19:56:02","guid":{"rendered":"https:\/\/www.greenbird-racing.com\/p\/sweat-capuche-bicolore-3\/"},"modified":"2026-04-29T05:41:42","modified_gmt":"2026-04-29T05:41:42","slug":"sweat-capuche-bicolore-3","status":"publish","type":"product","link":"https:\/\/www.greenbird-racing.com\/en\/p\/sweat-capuche-bicolore-3\/","title":{"rendered":"Sweat Capuche Bicolore"},"content":{"rendered":"<p>\t\t\t\t        \t\t\tPassants cach\u00e9s pour y faire passer les fils oreillettes, Poche frontale kangourou. Capuche \u00e0 double \u00e9paisseur de tissu avec doublure contrast\u00e9e Composition 80% coton, 20% polyester Grammage de 280 g\/m\u00b2<br \/>\n\t\t\t\t        \t\t\tGuide des tailles:<\/p>\n<div class=\"tableau-taille\">\n<h3 class=\"legende2\">Tableau de tailles (cm)<\/h3>\n<table class=\"tableau\">\n<tr>\n<th><\/th>\n<th scope=\"col\">XS<\/th>\n<th scope=\"col\">S<\/th>\n<th scope=\"col\">M<\/th>\n<th scope=\"col\">L<\/th>\n<th scope=\"col\">XL<\/th>\n<th scope=\"col\">XXL<\/th>\n<th scope=\"col\">3XL<\/th>\n<th scope=\"col\">4XL<\/th>\n<th scope=\"col\">Tol\u00e9rance +\/-<\/th>\n<\/tr>\n<tr>\n<th scope=\"row\"><b>A Largeur<\/b><\/th>\n<td>49<\/td>\n<td>52<\/td>\n<td>55<\/td>\n<td>58<\/td>\n<td>61<\/td>\n<td>64<\/td>\n<td>67<\/td>\n<td>70<\/td>\n<td>10 %<\/td>\n<\/tr>\n<tr>\n<th scope=\"row\"><b>B Hauteur<\/b><\/th>\n<td>69<\/td>\n<td>71<\/td>\n<td>73<\/td>\n<td>75<\/td>\n<td>77<\/td>\n<td>79<\/td>\n<td>81<\/td>\n<td>83<\/td>\n<td>10 %<\/td>\n<\/tr>\n<\/table><\/div>\n<div class=\"tableau-taille\">\n<h3 class=\"legende2\">Size Guide (inches)<\/h3>\n<table class=\"tableau\">\n<tr>\n<th><\/th>\n<th scope=\"col\">XS<\/th>\n<th scope=\"col\">S<\/th>\n<th scope=\"col\">M<\/th>\n<th scope=\"col\">L<\/th>\n<th scope=\"col\">XL<\/th>\n<th scope=\"col\">XXL<\/th>\n<th scope=\"col\">3XL<\/th>\n<th scope=\"col\">4XL<\/th>\n<th scope=\"col\">Tol\u00e9rance +\/-<\/th>\n<\/tr>\n<tr>\n<th scope=\"row\"><b>Width (inches)<\/b><\/th>\n<td>\n\t\t\t\t\t                        \t19\t\t\t                        \t\t\t<\/td>\n<td>\n\t\t\t\t\t                        \t20\t\t\t                        \t\t\t<\/td>\n<td>\n\t\t\t\t\t                        \t21\t\t\t                        \t\t\t<\/td>\n<td>\n\t\t\t\t\t                        \t22\t\t\t                        \t\t\t<\/td>\n<td>\n\t\t\t\t\t                        \t24\t\t\t                        \t\t\t<\/td>\n<td>\n\t\t\t\t\t                        \t25\t\t\t                        \t\t\t<\/td>\n<td>\n\t\t\t\t\t                        \t26\t\t\t                        \t\t\t<\/td>\n<td>\n\t\t\t\t\t                        \t27\t\t\t                        \t\t\t<\/td>\n<td>\n\t\t\t\t\t                        \t10 %\t\t\t                        \t\t\t<\/td>\n<\/tr>\n<tr>\n<th scope=\"row\"><b>Length (inches)<\/b><\/th>\n<td>\n\t\t\t\t\t                        \t27\t\t\t                        \t\t\t<\/td>\n<td>\n\t\t\t\t\t                        \t27\t\t\t                        \t\t\t<\/td>\n<td>\n\t\t\t\t\t                        \t28\t\t\t                        \t\t\t<\/td>\n<td>\n\t\t\t\t\t                        \t29\t\t\t                        \t\t\t<\/td>\n<td>\n\t\t\t\t\t                        \t30\t\t\t                        \t\t\t<\/td>\n<td>\n\t\t\t\t\t                        \t31\t\t\t                        \t\t\t<\/td>\n<td>\n\t\t\t\t\t                        \t31\t\t\t                        \t\t\t<\/td>\n<td>\n\t\t\t\t\t                        \t32\t\t\t                        \t\t\t<\/td>\n<td>\n\t\t\t\t\t                        \t10 %\t\t\t                        \t\t\t<\/td>\n<\/tr>\n<\/table><\/div>\n","protected":false},"excerpt":{"rendered":"<p>Passants cach\u00e9s pour y faire passer les fils oreillettes, Poche frontale kangourou. Capuche \u00e0 double \u00e9paisseur de tissu avec doublure contrast\u00e9e Composition 80% coton, 20% polyester Grammage de 280 g\/m\u00b2 Guide des tailles: Tableau de tailles (cm) XS S M L XL XXL 3XL 4XL Tol\u00e9rance +\/- A Largeur 49 52 55 58 61 64 [&hellip;]<\/p>\n","protected":false},"featured_media":16912,"template":"","meta":{"_et_pb_use_builder":"","_et_pb_old_content":"","_et_gb_content_width":""},"product_brand":[],"product_cat":[15],"product_tag":[],"class_list":{"0":"post-16914","1":"product","2":"type-product","3":"status-publish","4":"has-post-thumbnail","6":"product_cat-non-classe","8":"first","9":"instock","10":"taxable","11":"shipping-taxable","12":"purchasable","13":"product-type-variable"},"_links":{"self":[{"href":"https:\/\/www.greenbird-racing.com\/en\/wp-json\/wp\/v2\/product\/16914","targetHints":{"allow":["GET"]}}],"collection":[{"href":"https:\/\/www.greenbird-racing.com\/en\/wp-json\/wp\/v2\/product"}],"about":[{"href":"https:\/\/www.greenbird-racing.com\/en\/wp-json\/wp\/v2\/types\/product"}],"wp:featuredmedia":[{"embeddable":true,"href":"https:\/\/www.greenbird-racing.com\/en\/wp-json\/wp\/v2\/media\/16912"}],"wp:attachment":[{"href":"https:\/\/www.greenbird-racing.com\/en\/wp-json\/wp\/v2\/media?parent=16914"}],"wp:term":[{"taxonomy":"product_brand","embeddable":true,"href":"https:\/\/www.greenbird-racing.com\/en\/wp-json\/wp\/v2\/product_brand?post=16914"},{"taxonomy":"product_cat","embeddable":true,"href":"https:\/\/www.greenbird-racing.com\/en\/wp-json\/wp\/v2\/product_cat?post=16914"},{"taxonomy":"product_tag","embeddable":true,"href":"https:\/\/www.greenbird-racing.com\/en\/wp-json\/wp\/v2\/product_tag?post=16914"}],"curies":[{"name":"wp","href":"https:\/\/api.w.org\/{rel}","templated":true}]}}