 {"id":16953,"date":"2023-12-25T16:32:13","date_gmt":"2023-12-25T16:32:13","guid":{"rendered":"https:\/\/www.greenbird-racing.com\/p\/polo-porsche-911-964-993-996-997-turbo-homme-180g-2\/"},"modified":"2026-04-29T05:41:36","modified_gmt":"2026-04-29T05:41:36","slug":"polo-porsche-911-964-993-996-997-turbo-homme-180g-2","status":"publish","type":"product","link":"https:\/\/www.greenbird-racing.com\/en\/p\/polo-porsche-911-964-993-996-997-turbo-homme-180g-2\/","title":{"rendered":"Polo PORSCHE 911, 964, 993, 996 997 turbo Homme 180g"},"content":{"rendered":"<h2>Polo PORSCHE 911 TURBO CLASSIC<\/h2>\n<p>Polo 911 turbo fabriqu\u00e9 en France avec 5 g\u00e9n\u00e9rations de 911 turbo : 911 Turbo type G noire, 964 Turbo jaune, 993 Turbo noire, 996 Turbo grise, 997 Turbo rouge.<\/p>\n<p>Polo coupe classique 100% coton peign\u00e9, taille disponible jusqu&#8217;au 3XL. 180g.<\/p>\n<p>\t\t\t\t        \t\t\tGuide des tailles:<\/p>\n<div class=\"tableau-taille\">\n<h3 class=\"legende2\">Tableau de taille (cm)<\/h3>\n<table class=\"tableau\">\n<tr>\n<th><\/th>\n<th scope=\"col\">S<\/th>\n<th scope=\"col\">M<\/th>\n<th scope=\"col\">L<\/th>\n<th scope=\"col\">XL<\/th>\n<th scope=\"col\">XXL<\/th>\n<th scope=\"col\">3XL<\/th>\n<th scope=\"col\">Tol\u00e9rance +\/-<\/th>\n<\/tr>\n<tr>\n<th scope=\"row\"><b>A Hauteur<\/b><\/th>\n<td>70.5<\/td>\n<td>73<\/td>\n<td>75.5<\/td>\n<td>78<\/td>\n<td>80.5<\/td>\n<td>83<\/td>\n<td>10 %<\/td>\n<\/tr>\n<tr>\n<th scope=\"row\"><b>B Largeur<\/b><\/th>\n<td>50<\/td>\n<td>53.5<\/td>\n<td>57<\/td>\n<td>60.5<\/td>\n<td>64<\/td>\n<td>67.5<\/td>\n<td>10 %<\/td>\n<\/tr>\n<\/table><\/div>\n<div class=\"tableau-taille\">\n<h3 class=\"legende2\">Size Guide (inches)<\/h3>\n<table class=\"tableau\">\n<tr>\n<th><\/th>\n<th scope=\"col\">S<\/th>\n<th scope=\"col\">M<\/th>\n<th scope=\"col\">L<\/th>\n<th scope=\"col\">XL<\/th>\n<th scope=\"col\">XXL<\/th>\n<th scope=\"col\">3XL<\/th>\n<th scope=\"col\">Tol\u00e9rance +\/-<\/th>\n<\/tr>\n<tr>\n<th scope=\"row\"><b>Width (inches)<\/b><\/th>\n<td>\n\t\t\t\t\t                        \t27\t\t\t                        \t\t\t<\/td>\n<td>\n\t\t\t\t\t                        \t28\t\t\t                        \t\t\t<\/td>\n<td>\n\t\t\t\t\t                        \t29\t\t\t                        \t\t\t<\/td>\n<td>\n\t\t\t\t\t                        \t30\t\t\t                        \t\t\t<\/td>\n<td>\n\t\t\t\t\t                        \t31\t\t\t                        \t\t\t<\/td>\n<td>\n\t\t\t\t\t                        \t32\t\t\t                        \t\t\t<\/td>\n<td>\n\t\t\t\t\t                        \t10 %\t\t\t                        \t\t\t<\/td>\n<\/tr>\n<tr>\n<th scope=\"row\"><b>Length (inches)<\/b><\/th>\n<td>\n\t\t\t\t\t                        \t19\t\t\t                        \t\t\t<\/td>\n<td>\n\t\t\t\t\t                        \t21\t\t\t                        \t\t\t<\/td>\n<td>\n\t\t\t\t\t                        \t22\t\t\t                        \t\t\t<\/td>\n<td>\n\t\t\t\t\t                        \t23\t\t\t                        \t\t\t<\/td>\n<td>\n\t\t\t\t\t                        \t25\t\t\t                        \t\t\t<\/td>\n<td>\n\t\t\t\t\t                        \t26\t\t\t                        \t\t\t<\/td>\n<td>\n\t\t\t\t\t                        \t10 %\t\t\t                        \t\t\t<\/td>\n<\/tr>\n<\/table><\/div>\n","protected":false},"excerpt":{"rendered":"<p>Polo PORSCHE 911 TURBO CLASSIC Polo 911 turbo fabriqu\u00e9 en France avec 5 g\u00e9n\u00e9rations de 911 turbo : 911 Turbo type G noire, 964 Turbo jaune, 993 Turbo noire, 996 Turbo grise, 997 Turbo rouge. Polo coupe classique 100% coton peign\u00e9, taille disponible jusqu&#8217;au 3XL. 180g. Guide des tailles: Tableau de taille (cm) S M [&hellip;]<\/p>\n","protected":false},"featured_media":16951,"template":"","meta":{"_et_pb_use_builder":"","_et_pb_old_content":"","_et_gb_content_width":""},"product_brand":[],"product_cat":[15],"product_tag":[],"class_list":{"0":"post-16953","1":"product","2":"type-product","3":"status-publish","4":"has-post-thumbnail","6":"product_cat-non-classe","8":"first","9":"outofstock","10":"taxable","11":"shipping-taxable","12":"purchasable","13":"product-type-variable"},"_links":{"self":[{"href":"https:\/\/www.greenbird-racing.com\/en\/wp-json\/wp\/v2\/product\/16953","targetHints":{"allow":["GET"]}}],"collection":[{"href":"https:\/\/www.greenbird-racing.com\/en\/wp-json\/wp\/v2\/product"}],"about":[{"href":"https:\/\/www.greenbird-racing.com\/en\/wp-json\/wp\/v2\/types\/product"}],"wp:featuredmedia":[{"embeddable":true,"href":"https:\/\/www.greenbird-racing.com\/en\/wp-json\/wp\/v2\/media\/16951"}],"wp:attachment":[{"href":"https:\/\/www.greenbird-racing.com\/en\/wp-json\/wp\/v2\/media?parent=16953"}],"wp:term":[{"taxonomy":"product_brand","embeddable":true,"href":"https:\/\/www.greenbird-racing.com\/en\/wp-json\/wp\/v2\/product_brand?post=16953"},{"taxonomy":"product_cat","embeddable":true,"href":"https:\/\/www.greenbird-racing.com\/en\/wp-json\/wp\/v2\/product_cat?post=16953"},{"taxonomy":"product_tag","embeddable":true,"href":"https:\/\/www.greenbird-racing.com\/en\/wp-json\/wp\/v2\/product_tag?post=16953"}],"curies":[{"name":"wp","href":"https:\/\/api.w.org\/{rel}","templated":true}]}}